{"id":78530,"date":"2025-12-01T15:15:33","date_gmt":"2025-12-01T14:15:33","guid":{"rendered":"https:\/\/www.andre-delorme.com\/?post_type=product&#038;p=78530"},"modified":"2026-04-01T17:31:11","modified_gmt":"2026-04-01T15:31:11","slug":"terroir-millesime-blanc-brut-2015","status":"publish","type":"product","link":"https:\/\/www.andre-delorme.com\/en\/shop\/terroir-millesime-blanc-brut-2015\/","title":{"rendered":"Terroir Mill\u00e9sim\u00e9 Blanc Brut &#8211; 2015"},"content":{"rendered":"<p>Pour notre Cr\u00e9mant de Bourgogne Mill\u00e9sim\u00e9, nous avons soigneusement s\u00e9lectionn\u00e9 nos plus belles parcelles, afin de r\u00e9v\u00e9ler toute la finesse et la puret\u00e9 du mill\u00e9sime 2015.<\/p>\n","protected":false},"excerpt":{"rendered":"<p>Pour notre Cr\u00e9mant de Bourgogne Mill\u00e9sim\u00e9, nous avons soigneusement s\u00e9lectionn\u00e9 nos plus belles parcelles, afin de r\u00e9v\u00e9ler toute la finesse et la puret\u00e9 du mill\u00e9sime 2015.<\/p>\n","protected":false},"featured_media":78531,"template":"","meta":{"_acf_changed":false,"_uag_custom_page_level_css":"","wds_primary_product_brand":0,"wds_primary_product_cat":32},"product_brand":[],"product_cat":[32,141,99,149],"product_tag":[],"class_list":{"0":"post-78530","1":"product","2":"type-product","3":"status-publish","4":"has-post-thumbnail","6":"product_cat-cremants-de-bourgogne","7":"product_cat-idees-cadeaux","8":"product_cat-nos-vins-cat","9":"product_cat-offre-privilege","10":"no-featured-image-padding","11":"sales-flash-overlay","12":"woocommerce-text-align-center","13":"woocommerce-image-align-center","14":"do-quantity-buttons","16":"first","17":"instock","18":"sale","19":"taxable","20":"shipping-taxable","21":"purchasable","22":"product-type-simple"},"acf":[],"uagb_featured_image_src":{"full":["https:\/\/www.andre-delorme.com\/wp-content\/uploads\/2025\/12\/AD_Terroir_Millesime_Blanc_Brut_2015-scaled.png",727,2560,false],"thumbnail":["https:\/\/www.andre-delorme.com\/wp-content\/uploads\/2025\/12\/AD_Terroir_Millesime_Blanc_Brut_2015-150x150.png",150,150,true],"medium":["https:\/\/www.andre-delorme.com\/wp-content\/uploads\/2025\/12\/AD_Terroir_Millesime_Blanc_Brut_2015-85x300.png",85,300,true],"medium_large":["https:\/\/www.andre-delorme.com\/wp-content\/uploads\/2025\/12\/AD_Terroir_Millesime_Blanc_Brut_2015-768x2704.png",768,2704,true],"large":["https:\/\/www.andre-delorme.com\/wp-content\/uploads\/2025\/12\/AD_Terroir_Millesime_Blanc_Brut_2015-291x1024.png",291,1024,true],"1536x1536":["https:\/\/www.andre-delorme.com\/wp-content\/uploads\/2025\/12\/AD_Terroir_Millesime_Blanc_Brut_2015-436x1536.png",436,1536,true],"2048x2048":["https:\/\/www.andre-delorme.com\/wp-content\/uploads\/2025\/12\/AD_Terroir_Millesime_Blanc_Brut_2015-582x2048.png",582,2048,true],"woocommerce_thumbnail":["https:\/\/www.andre-delorme.com\/wp-content\/uploads\/2025\/12\/AD_Terroir_Millesime_Blanc_Brut_2015-300x1056.png",300,1056,true],"woocommerce_single":["https:\/\/www.andre-delorme.com\/wp-content\/uploads\/2025\/12\/AD_Terroir_Millesime_Blanc_Brut_2015-600x2112.png",600,2112,true],"woocommerce_gallery_thumbnail":["https:\/\/www.andre-delorme.com\/wp-content\/uploads\/2025\/12\/AD_Terroir_Millesime_Blanc_Brut_2015-100x100.png",100,100,true],"variation_swatches_image_size":["https:\/\/www.andre-delorme.com\/wp-content\/uploads\/2025\/12\/AD_Terroir_Millesime_Blanc_Brut_2015-50x50.png",50,50,true],"variation_swatches_tooltip_size":["https:\/\/www.andre-delorme.com\/wp-content\/uploads\/2025\/12\/AD_Terroir_Millesime_Blanc_Brut_2015-100x100.png",100,100,true]},"uagb_author_info":{"display_name":"Florian Migeon","author_link":"https:\/\/www.andre-delorme.com\/en\/author\/"},"uagb_comment_info":0,"uagb_excerpt":"Pour notre Cr\u00e9mant de Bourgogne Mill\u00e9sim\u00e9, nous avons soigneusement s\u00e9lectionn\u00e9 nos plus belles parcelles, afin de r\u00e9v\u00e9ler toute la finesse et la puret\u00e9 du mill\u00e9sime 2015.","_links":{"self":[{"href":"https:\/\/www.andre-delorme.com\/en\/wp-json\/wp\/v2\/product\/78530","targetHints":{"allow":["GET"]}}],"collection":[{"href":"https:\/\/www.andre-delorme.com\/en\/wp-json\/wp\/v2\/product"}],"about":[{"href":"https:\/\/www.andre-delorme.com\/en\/wp-json\/wp\/v2\/types\/product"}],"wp:featuredmedia":[{"embeddable":true,"href":"https:\/\/www.andre-delorme.com\/en\/wp-json\/wp\/v2\/media\/78531"}],"wp:attachment":[{"href":"https:\/\/www.andre-delorme.com\/en\/wp-json\/wp\/v2\/media?parent=78530"}],"wp:term":[{"taxonomy":"product_brand","embeddable":true,"href":"https:\/\/www.andre-delorme.com\/en\/wp-json\/wp\/v2\/product_brand?post=78530"},{"taxonomy":"product_cat","embeddable":true,"href":"https:\/\/www.andre-delorme.com\/en\/wp-json\/wp\/v2\/product_cat?post=78530"},{"taxonomy":"product_tag","embeddable":true,"href":"https:\/\/www.andre-delorme.com\/en\/wp-json\/wp\/v2\/product_tag?post=78530"}],"curies":[{"name":"wp","href":"https:\/\/api.w.org\/{rel}","templated":true}]}}