{"id":78438,"date":"2025-03-19T15:29:23","date_gmt":"2025-03-19T14:29:23","guid":{"rendered":"https:\/\/www.andre-delorme.com\/boutique\/mercurey-1er-cru-les-byots\/"},"modified":"2025-12-16T23:49:28","modified_gmt":"2025-12-16T22:49:28","slug":"mercurey-1er-cru-les-byots","status":"publish","type":"product","link":"https:\/\/www.andre-delorme.com\/en\/shop\/mercurey-1er-cru-les-byots\/","title":{"rendered":"Mercurey 1er Cru &#8220;Les Byots&#8221;"},"content":{"rendered":"<p>The C\u00f4te Chalonnaise, in Sa\u00f4ne-et-Loire, extends the C\u00f4te d&#8217;Or south of the C\u00f4te de Beaune to the north of the M\u00e2connais mountains. Mercurey is one of Burgundy&#8217;s most important wine appellations in terms of vineyard area. The Appellation d&#8217;Origine Contr\u00f4l\u00e9e (AOC) was established in 1923. The vines are located between 230 and 320 metres above sea level and cover more than 400 hectares. The wines of Mercurey were appreciated by Gabrielle d&#8217;Estr\u00e9e, mistress of Henri IV. The appellation owes its name to Mercury, the god of commerce and messenger of the gods in Roman mythology.    <\/p>\n","protected":false},"excerpt":{"rendered":"<p>Mercurey is one of Burgundy&#8217;s most important wine appellations. The vineyards are located between 230 and 320 metres above sea level and stretch across the C\u00f4te Chalonnaise. Appreciated by Gabrielle d&#8217;Estr\u00e9e, mistress of Henry IV, Mercurey owes its name to Mercury, the god of commerce in Roman mythology. <\/p>\n","protected":false},"featured_media":78104,"template":"","meta":{"_acf_changed":false,"_uag_custom_page_level_css":"","wds_primary_product_brand":0,"wds_primary_product_cat":19},"product_brand":[],"product_cat":[157,68],"product_tag":[],"class_list":{"0":"post-78438","1":"product","2":"type-product","3":"status-publish","4":"has-post-thumbnail","6":"product_cat-burgundy-wines","7":"product_cat-our-wines","8":"no-featured-image-padding","9":"sales-flash-overlay","10":"woocommerce-text-align-center","11":"woocommerce-image-align-center","12":"do-quantity-buttons","14":"first","15":"instock","16":"sale","17":"taxable","18":"shipping-taxable","19":"purchasable","20":"product-type-variable","21":"has-default-attributes"},"acf":[],"uagb_featured_image_src":{"full":["https:\/\/www.andre-delorme.com\/wp-content\/uploads\/2025\/03\/ANDRE-DELORME-Mercurey-1er-Cru-Les-Byots-Rouge-NV.png",625,2083,false],"thumbnail":["https:\/\/www.andre-delorme.com\/wp-content\/uploads\/2025\/03\/ANDRE-DELORME-Mercurey-1er-Cru-Les-Byots-Rouge-NV-150x150.png",150,150,true],"medium":["https:\/\/www.andre-delorme.com\/wp-content\/uploads\/2025\/03\/ANDRE-DELORME-Mercurey-1er-Cru-Les-Byots-Rouge-NV-90x300.png",90,300,true],"medium_large":["https:\/\/www.andre-delorme.com\/wp-content\/uploads\/2025\/03\/ANDRE-DELORME-Mercurey-1er-Cru-Les-Byots-Rouge-NV.png",625,2083,false],"large":["https:\/\/www.andre-delorme.com\/wp-content\/uploads\/2025\/03\/ANDRE-DELORME-Mercurey-1er-Cru-Les-Byots-Rouge-NV-307x1024.png",307,1024,true],"1536x1536":["https:\/\/www.andre-delorme.com\/wp-content\/uploads\/2025\/03\/ANDRE-DELORME-Mercurey-1er-Cru-Les-Byots-Rouge-NV-461x1536.png",461,1536,true],"2048x2048":["https:\/\/www.andre-delorme.com\/wp-content\/uploads\/2025\/03\/ANDRE-DELORME-Mercurey-1er-Cru-Les-Byots-Rouge-NV-614x2048.png",614,2048,true],"woocommerce_thumbnail":["https:\/\/www.andre-delorme.com\/wp-content\/uploads\/2025\/03\/ANDRE-DELORME-Mercurey-1er-Cru-Les-Byots-Rouge-NV-300x1000.png",300,1000,true],"woocommerce_single":["https:\/\/www.andre-delorme.com\/wp-content\/uploads\/2025\/03\/ANDRE-DELORME-Mercurey-1er-Cru-Les-Byots-Rouge-NV-600x2000.png",600,2000,true],"woocommerce_gallery_thumbnail":["https:\/\/www.andre-delorme.com\/wp-content\/uploads\/2025\/03\/ANDRE-DELORME-Mercurey-1er-Cru-Les-Byots-Rouge-NV-100x100.png",100,100,true],"variation_swatches_image_size":["https:\/\/www.andre-delorme.com\/wp-content\/uploads\/2025\/03\/ANDRE-DELORME-Mercurey-1er-Cru-Les-Byots-Rouge-NV-50x50.png",50,50,true],"variation_swatches_tooltip_size":["https:\/\/www.andre-delorme.com\/wp-content\/uploads\/2025\/03\/ANDRE-DELORME-Mercurey-1er-Cru-Les-Byots-Rouge-NV-100x100.png",100,100,true]},"uagb_author_info":{"display_name":"Florian Migeon","author_link":"https:\/\/www.andre-delorme.com\/en\/author\/"},"uagb_comment_info":0,"uagb_excerpt":"Mercurey is one of Burgundy's most important wine appellations. The vineyards are located between 230 and 320 metres above sea level and stretch across the C\u00f4te Chalonnaise. Appreciated by Gabrielle d'Estr\u00e9e, mistress of Henry IV, Mercurey owes its name to Mercury, the god of commerce in Roman mythology.","_links":{"self":[{"href":"https:\/\/www.andre-delorme.com\/en\/wp-json\/wp\/v2\/product\/78438","targetHints":{"allow":["GET"]}}],"collection":[{"href":"https:\/\/www.andre-delorme.com\/en\/wp-json\/wp\/v2\/product"}],"about":[{"href":"https:\/\/www.andre-delorme.com\/en\/wp-json\/wp\/v2\/types\/product"}],"wp:featuredmedia":[{"embeddable":true,"href":"https:\/\/www.andre-delorme.com\/en\/wp-json\/wp\/v2\/media\/78104"}],"wp:attachment":[{"href":"https:\/\/www.andre-delorme.com\/en\/wp-json\/wp\/v2\/media?parent=78438"}],"wp:term":[{"taxonomy":"product_brand","embeddable":true,"href":"https:\/\/www.andre-delorme.com\/en\/wp-json\/wp\/v2\/product_brand?post=78438"},{"taxonomy":"product_cat","embeddable":true,"href":"https:\/\/www.andre-delorme.com\/en\/wp-json\/wp\/v2\/product_cat?post=78438"},{"taxonomy":"product_tag","embeddable":true,"href":"https:\/\/www.andre-delorme.com\/en\/wp-json\/wp\/v2\/product_tag?post=78438"}],"curies":[{"name":"wp","href":"https:\/\/api.w.org\/{rel}","templated":true}]}}