{"id":78437,"date":"2025-03-31T11:21:28","date_gmt":"2025-03-31T09:21:28","guid":{"rendered":"https:\/\/www.andre-delorme.com\/boutique\/rully-1er-cru-les-champs-cloux\/"},"modified":"2025-12-16T23:49:28","modified_gmt":"2025-12-16T22:49:28","slug":"rully-1er-cru-les-champs-cloux","status":"publish","type":"product","link":"https:\/\/www.andre-delorme.com\/en\/shop\/rully-1er-cru-les-champs-cloux\/","title":{"rendered":"Rully 1er Cru &#8220;Les Champs Cloux&#8221;"},"content":{"rendered":"<p>The Rully vineyard is located in the C\u00f4te Chalonnaise, more precisely between the Bouzeron and Mercurey appellations. La vigne est ici plant\u00e9e sur des coteaux faiblement pentus aux alentours des 300 m\u00e8tres d&#8217;altitude. The climate at Les Champs Cloux is ideal for growing Pinot Noir grapes. Its exposure allows the grapes to ripen optimally, producing dense, high-quality wines.<\/p>\n","protected":false},"excerpt":{"rendered":"<p>The village of Rully, the birthplace of Chardonnay in the C\u00f4te Chalonnaise, also produces remarkable red wines. Its rather chalky soil allows Pinot Noir to express fruity notes and gives it a lovely freshness.<\/p>\n","protected":false},"featured_media":78117,"template":"","meta":{"_acf_changed":false,"_uag_custom_page_level_css":"","wds_primary_product_brand":0,"wds_primary_product_cat":0},"product_brand":[],"product_cat":[157,68],"product_tag":[],"class_list":{"0":"post-78437","1":"product","2":"type-product","3":"status-publish","4":"has-post-thumbnail","6":"product_cat-burgundy-wines","7":"product_cat-our-wines","8":"no-featured-image-padding","9":"sales-flash-overlay","10":"woocommerce-text-align-center","11":"woocommerce-image-align-center","12":"do-quantity-buttons","14":"first","15":"instock","16":"sale","17":"taxable","18":"shipping-taxable","19":"purchasable","20":"product-type-variable","21":"has-default-attributes"},"acf":[],"uagb_featured_image_src":{"full":["https:\/\/www.andre-delorme.com\/wp-content\/uploads\/2025\/03\/ANDRE-DELORME-Rully-1er-Cru-Les-Champs-Cloux-Rouge-NV.png",625,2083,false],"thumbnail":["https:\/\/www.andre-delorme.com\/wp-content\/uploads\/2025\/03\/ANDRE-DELORME-Rully-1er-Cru-Les-Champs-Cloux-Rouge-NV-150x150.png",150,150,true],"medium":["https:\/\/www.andre-delorme.com\/wp-content\/uploads\/2025\/03\/ANDRE-DELORME-Rully-1er-Cru-Les-Champs-Cloux-Rouge-NV-90x300.png",90,300,true],"medium_large":["https:\/\/www.andre-delorme.com\/wp-content\/uploads\/2025\/03\/ANDRE-DELORME-Rully-1er-Cru-Les-Champs-Cloux-Rouge-NV.png",625,2083,false],"large":["https:\/\/www.andre-delorme.com\/wp-content\/uploads\/2025\/03\/ANDRE-DELORME-Rully-1er-Cru-Les-Champs-Cloux-Rouge-NV-307x1024.png",307,1024,true],"1536x1536":["https:\/\/www.andre-delorme.com\/wp-content\/uploads\/2025\/03\/ANDRE-DELORME-Rully-1er-Cru-Les-Champs-Cloux-Rouge-NV-461x1536.png",461,1536,true],"2048x2048":["https:\/\/www.andre-delorme.com\/wp-content\/uploads\/2025\/03\/ANDRE-DELORME-Rully-1er-Cru-Les-Champs-Cloux-Rouge-NV-614x2048.png",614,2048,true],"woocommerce_thumbnail":["https:\/\/www.andre-delorme.com\/wp-content\/uploads\/2025\/03\/ANDRE-DELORME-Rully-1er-Cru-Les-Champs-Cloux-Rouge-NV-300x1000.png",300,1000,true],"woocommerce_single":["https:\/\/www.andre-delorme.com\/wp-content\/uploads\/2025\/03\/ANDRE-DELORME-Rully-1er-Cru-Les-Champs-Cloux-Rouge-NV-600x2000.png",600,2000,true],"woocommerce_gallery_thumbnail":["https:\/\/www.andre-delorme.com\/wp-content\/uploads\/2025\/03\/ANDRE-DELORME-Rully-1er-Cru-Les-Champs-Cloux-Rouge-NV-100x100.png",100,100,true],"variation_swatches_image_size":["https:\/\/www.andre-delorme.com\/wp-content\/uploads\/2025\/03\/ANDRE-DELORME-Rully-1er-Cru-Les-Champs-Cloux-Rouge-NV-50x50.png",50,50,true],"variation_swatches_tooltip_size":["https:\/\/www.andre-delorme.com\/wp-content\/uploads\/2025\/03\/ANDRE-DELORME-Rully-1er-Cru-Les-Champs-Cloux-Rouge-NV-100x100.png",100,100,true]},"uagb_author_info":{"display_name":"Florian Migeon","author_link":"https:\/\/www.andre-delorme.com\/en\/author\/"},"uagb_comment_info":0,"uagb_excerpt":"The village of Rully, the birthplace of Chardonnay in the C\u00f4te Chalonnaise, also produces remarkable red wines. Its rather chalky soil allows Pinot Noir to express fruity notes and gives it a lovely freshness.","_links":{"self":[{"href":"https:\/\/www.andre-delorme.com\/en\/wp-json\/wp\/v2\/product\/78437","targetHints":{"allow":["GET"]}}],"collection":[{"href":"https:\/\/www.andre-delorme.com\/en\/wp-json\/wp\/v2\/product"}],"about":[{"href":"https:\/\/www.andre-delorme.com\/en\/wp-json\/wp\/v2\/types\/product"}],"wp:featuredmedia":[{"embeddable":true,"href":"https:\/\/www.andre-delorme.com\/en\/wp-json\/wp\/v2\/media\/78117"}],"wp:attachment":[{"href":"https:\/\/www.andre-delorme.com\/en\/wp-json\/wp\/v2\/media?parent=78437"}],"wp:term":[{"taxonomy":"product_brand","embeddable":true,"href":"https:\/\/www.andre-delorme.com\/en\/wp-json\/wp\/v2\/product_brand?post=78437"},{"taxonomy":"product_cat","embeddable":true,"href":"https:\/\/www.andre-delorme.com\/en\/wp-json\/wp\/v2\/product_cat?post=78437"},{"taxonomy":"product_tag","embeddable":true,"href":"https:\/\/www.andre-delorme.com\/en\/wp-json\/wp\/v2\/product_tag?post=78437"}],"curies":[{"name":"wp","href":"https:\/\/api.w.org\/{rel}","templated":true}]}}