{"id":41313,"date":"2023-10-27T14:55:46","date_gmt":"2023-10-27T12:55:46","guid":{"rendered":"https:\/\/andre-delorme.com\/?post_type=product&#038;p=41313"},"modified":"2026-04-19T19:44:16","modified_gmt":"2026-04-19T17:44:16","slug":"ice-rose-demi-sec","status":"publish","type":"product","link":"https:\/\/www.andre-delorme.com\/en\/shop\/ice-rose-demi-sec\/","title":{"rendered":"ICE Ros\u00e9 Demi-Sec"},"content":{"rendered":"<p>Notre Cr\u00e9mant de Bourgogne Ros\u00e9 ICE Demi-Sec, \u00e9labor\u00e9 \u00e0 partir d&#8217;une assemblage des c\u00e9pages Pinot Noir et Chardonnay avec une touche de Gamay et Aligot\u00e9. Il allie la douceur des notes de fruits rouges avec une belle fra\u00eecheur.<\/p>\n","protected":false},"excerpt":{"rendered":"<p>Notre Cr\u00e9mant de Bourgogne Ros\u00e9 ICE Demi-Sec, \u00e9labor\u00e9 \u00e0 partir d&#8217;une assemblage des c\u00e9pages Pinot Noir et Chardonnay avec une touche de Gamay et Aligot\u00e9. Il allie la douceur des notes de fruits rouges avec une belle fra\u00eecheur.<\/p>\n","protected":false},"featured_media":41315,"template":"","meta":{"_acf_changed":false,"_uag_custom_page_level_css":"","wds_primary_product_brand":0,"wds_primary_product_cat":32},"product_brand":[],"product_cat":[32,141,99,149],"product_tag":[],"class_list":{"0":"post-41313","1":"product","2":"type-product","3":"status-publish","4":"has-post-thumbnail","6":"product_cat-cremants-de-bourgogne","7":"product_cat-idees-cadeaux","8":"product_cat-nos-vins-cat","9":"product_cat-offre-privilege","10":"no-featured-image-padding","11":"sales-flash-overlay","12":"woocommerce-text-align-center","13":"woocommerce-image-align-center","14":"do-quantity-buttons","16":"first","17":"instock","18":"sale","19":"taxable","20":"shipping-taxable","21":"purchasable","22":"product-type-simple"},"acf":[],"uagb_featured_image_src":{"full":["https:\/\/www.andre-delorme.com\/wp-content\/uploads\/2023\/10\/ANDRE-DELORME-Cremant-de-Bourgogne-ICE-Rose-75CL.png",1675,5741,false],"thumbnail":["https:\/\/www.andre-delorme.com\/wp-content\/uploads\/2023\/10\/ANDRE-DELORME-Cremant-de-Bourgogne-ICE-Rose-75CL-150x150.png",150,150,true],"medium":["https:\/\/www.andre-delorme.com\/wp-content\/uploads\/2023\/10\/ANDRE-DELORME-Cremant-de-Bourgogne-ICE-Rose-75CL-88x300.png",88,300,true],"medium_large":["https:\/\/www.andre-delorme.com\/wp-content\/uploads\/2023\/10\/ANDRE-DELORME-Cremant-de-Bourgogne-ICE-Rose-75CL-768x2632.png",768,2632,true],"large":["https:\/\/www.andre-delorme.com\/wp-content\/uploads\/2023\/10\/ANDRE-DELORME-Cremant-de-Bourgogne-ICE-Rose-75CL-299x1024.png",299,1024,true],"1536x1536":["https:\/\/www.andre-delorme.com\/wp-content\/uploads\/2023\/10\/ANDRE-DELORME-Cremant-de-Bourgogne-ICE-Rose-75CL-448x1536.png",448,1536,true],"2048x2048":["https:\/\/www.andre-delorme.com\/wp-content\/uploads\/2023\/10\/ANDRE-DELORME-Cremant-de-Bourgogne-ICE-Rose-75CL-598x2048.png",598,2048,true],"woocommerce_thumbnail":["https:\/\/www.andre-delorme.com\/wp-content\/uploads\/2023\/10\/ANDRE-DELORME-Cremant-de-Bourgogne-ICE-Rose-75CL-300x1028.png",300,1028,true],"woocommerce_single":["https:\/\/www.andre-delorme.com\/wp-content\/uploads\/2023\/10\/ANDRE-DELORME-Cremant-de-Bourgogne-ICE-Rose-75CL-600x2056.png",600,2056,true],"woocommerce_gallery_thumbnail":["https:\/\/www.andre-delorme.com\/wp-content\/uploads\/2023\/10\/ANDRE-DELORME-Cremant-de-Bourgogne-ICE-Rose-75CL-100x100.png",100,100,true],"variation_swatches_image_size":["https:\/\/www.andre-delorme.com\/wp-content\/uploads\/2023\/10\/ANDRE-DELORME-Cremant-de-Bourgogne-ICE-Rose-75CL-50x50.png",50,50,true],"variation_swatches_tooltip_size":["https:\/\/www.andre-delorme.com\/wp-content\/uploads\/2023\/10\/ANDRE-DELORME-Cremant-de-Bourgogne-ICE-Rose-75CL-100x100.png",100,100,true]},"uagb_author_info":{"display_name":"Florian Migeon","author_link":"https:\/\/www.andre-delorme.com\/en\/author\/"},"uagb_comment_info":0,"uagb_excerpt":"Notre Cr\u00e9mant de Bourgogne Ros\u00e9 ICE Demi-Sec, \u00e9labor\u00e9 \u00e0 partir d&#8217;une assemblage des c\u00e9pages Pinot Noir et Chardonnay avec une touche de Gamay et Aligot\u00e9. Il allie la douceur des notes de fruits rouges avec une belle fra\u00eecheur.","_links":{"self":[{"href":"https:\/\/www.andre-delorme.com\/en\/wp-json\/wp\/v2\/product\/41313","targetHints":{"allow":["GET"]}}],"collection":[{"href":"https:\/\/www.andre-delorme.com\/en\/wp-json\/wp\/v2\/product"}],"about":[{"href":"https:\/\/www.andre-delorme.com\/en\/wp-json\/wp\/v2\/types\/product"}],"wp:featuredmedia":[{"embeddable":true,"href":"https:\/\/www.andre-delorme.com\/en\/wp-json\/wp\/v2\/media\/41315"}],"wp:attachment":[{"href":"https:\/\/www.andre-delorme.com\/en\/wp-json\/wp\/v2\/media?parent=41313"}],"wp:term":[{"taxonomy":"product_brand","embeddable":true,"href":"https:\/\/www.andre-delorme.com\/en\/wp-json\/wp\/v2\/product_brand?post=41313"},{"taxonomy":"product_cat","embeddable":true,"href":"https:\/\/www.andre-delorme.com\/en\/wp-json\/wp\/v2\/product_cat?post=41313"},{"taxonomy":"product_tag","embeddable":true,"href":"https:\/\/www.andre-delorme.com\/en\/wp-json\/wp\/v2\/product_tag?post=41313"}],"curies":[{"name":"wp","href":"https:\/\/api.w.org\/{rel}","templated":true}]}}