{"id":35919,"date":"2023-07-08T15:48:06","date_gmt":"2023-07-08T13:48:06","guid":{"rendered":"https:\/\/andre-delorme.com\/?post_type=product&#038;p=35919"},"modified":"2026-03-15T23:16:32","modified_gmt":"2026-03-15T22:16:32","slug":"methode-traditionnelle-blanc","status":"publish","type":"product","link":"https:\/\/www.andre-delorme.com\/en\/shop\/methode-traditionnelle-blanc\/","title":{"rendered":"M\u00e9thode Traditionnelle Blanc de Blancs"},"content":{"rendered":"","protected":false},"excerpt":{"rendered":"<p>Son nez frais et l\u00e9ger pr\u00e9c\u00e8de une bouche au fruit\u00e9 g\u00e9n\u00e9reux. Sa fine effervescence met en valeur ses notes de p\u00eaches et d\u2019abricots.<\/p>\n","protected":false},"featured_media":35152,"template":"","meta":{"_acf_changed":false,"_uag_custom_page_level_css":"","wds_primary_product_brand":0,"wds_primary_product_cat":32},"product_brand":[],"product_cat":[99],"product_tag":[],"class_list":{"0":"post-35919","1":"product","2":"type-product","3":"status-publish","4":"has-post-thumbnail","6":"product_cat-nos-vins-cat","7":"no-featured-image-padding","8":"sales-flash-overlay","9":"woocommerce-text-align-center","10":"woocommerce-image-align-center","11":"do-quantity-buttons","13":"first","14":"instock","15":"taxable","16":"shipping-taxable","17":"purchasable","18":"product-type-simple"},"acf":[],"uagb_featured_image_src":{"full":["https:\/\/www.andre-delorme.com\/wp-content\/uploads\/2023\/06\/ANDRE-DELORME-Methode-Traditionnelle-Blanc-de-Blancs-Brut.png",356,1280,false],"thumbnail":["https:\/\/www.andre-delorme.com\/wp-content\/uploads\/2023\/06\/ANDRE-DELORME-Methode-Traditionnelle-Blanc-de-Blancs-Brut-150x150.png",150,150,true],"medium":["https:\/\/www.andre-delorme.com\/wp-content\/uploads\/2023\/06\/ANDRE-DELORME-Methode-Traditionnelle-Blanc-de-Blancs-Brut-83x300.png",83,300,true],"medium_large":["https:\/\/www.andre-delorme.com\/wp-content\/uploads\/2023\/06\/ANDRE-DELORME-Methode-Traditionnelle-Blanc-de-Blancs-Brut.png",356,1280,false],"large":["https:\/\/www.andre-delorme.com\/wp-content\/uploads\/2023\/06\/ANDRE-DELORME-Methode-Traditionnelle-Blanc-de-Blancs-Brut-285x1024.png",285,1024,true],"1536x1536":["https:\/\/www.andre-delorme.com\/wp-content\/uploads\/2023\/06\/ANDRE-DELORME-Methode-Traditionnelle-Blanc-de-Blancs-Brut.png",356,1280,false],"2048x2048":["https:\/\/www.andre-delorme.com\/wp-content\/uploads\/2023\/06\/ANDRE-DELORME-Methode-Traditionnelle-Blanc-de-Blancs-Brut.png",356,1280,false],"woocommerce_thumbnail":["https:\/\/www.andre-delorme.com\/wp-content\/uploads\/2023\/06\/ANDRE-DELORME-Methode-Traditionnelle-Blanc-de-Blancs-Brut-300x1079.png",300,1079,true],"woocommerce_single":["https:\/\/www.andre-delorme.com\/wp-content\/uploads\/2023\/06\/ANDRE-DELORME-Methode-Traditionnelle-Blanc-de-Blancs-Brut.png",356,1280,false],"woocommerce_gallery_thumbnail":["https:\/\/www.andre-delorme.com\/wp-content\/uploads\/2023\/06\/ANDRE-DELORME-Methode-Traditionnelle-Blanc-de-Blancs-Brut-100x100.png",100,100,true],"variation_swatches_image_size":["https:\/\/www.andre-delorme.com\/wp-content\/uploads\/2023\/06\/ANDRE-DELORME-Methode-Traditionnelle-Blanc-de-Blancs-Brut-50x50.png",50,50,true],"variation_swatches_tooltip_size":["https:\/\/www.andre-delorme.com\/wp-content\/uploads\/2023\/06\/ANDRE-DELORME-Methode-Traditionnelle-Blanc-de-Blancs-Brut-100x100.png",100,100,true]},"uagb_author_info":{"display_name":"Florian Migeon","author_link":"https:\/\/www.andre-delorme.com\/en\/author\/"},"uagb_comment_info":0,"uagb_excerpt":"Son nez frais et l\u00e9ger pr\u00e9c\u00e8de une bouche au fruit\u00e9 g\u00e9n\u00e9reux. Sa fine effervescence met en valeur ses notes de p\u00eaches et d\u2019abricots.","_links":{"self":[{"href":"https:\/\/www.andre-delorme.com\/en\/wp-json\/wp\/v2\/product\/35919","targetHints":{"allow":["GET"]}}],"collection":[{"href":"https:\/\/www.andre-delorme.com\/en\/wp-json\/wp\/v2\/product"}],"about":[{"href":"https:\/\/www.andre-delorme.com\/en\/wp-json\/wp\/v2\/types\/product"}],"wp:featuredmedia":[{"embeddable":true,"href":"https:\/\/www.andre-delorme.com\/en\/wp-json\/wp\/v2\/media\/35152"}],"wp:attachment":[{"href":"https:\/\/www.andre-delorme.com\/en\/wp-json\/wp\/v2\/media?parent=35919"}],"wp:term":[{"taxonomy":"product_brand","embeddable":true,"href":"https:\/\/www.andre-delorme.com\/en\/wp-json\/wp\/v2\/product_brand?post=35919"},{"taxonomy":"product_cat","embeddable":true,"href":"https:\/\/www.andre-delorme.com\/en\/wp-json\/wp\/v2\/product_cat?post=35919"},{"taxonomy":"product_tag","embeddable":true,"href":"https:\/\/www.andre-delorme.com\/en\/wp-json\/wp\/v2\/product_tag?post=35919"}],"curies":[{"name":"wp","href":"https:\/\/api.w.org\/{rel}","templated":true}]}}