{"id":34536,"date":"2023-06-20T16:58:06","date_gmt":"2023-06-20T14:58:06","guid":{"rendered":"https:\/\/andre-delorme.com\/?post_type=product&#038;p=34536"},"modified":"2026-04-13T19:26:27","modified_gmt":"2026-04-13T17:26:27","slug":"cremant-chardonnay-brut","status":"publish","type":"product","link":"https:\/\/www.andre-delorme.com\/en\/shop\/cremant-chardonnay-brut\/","title":{"rendered":"100% Chardonnay, Blanc de Blancs Brut &#8211; Mill\u00e9sime 2019"},"content":{"rendered":"<p>Pour notre Cr\u00e9mant de Bourgogne Blanc de Blancs 100% Chardonnay nous avons s\u00e9lectionn\u00e9 les plus belles parcelles de Chardonnay, provenant exclusivement du mill\u00e9sime 2019. Cette Cuv\u00e9e, \u00e9dition limit\u00e9e, refl\u00e8te l\u2019excellence et le savoir-faire de la Maison au travers du temps.<\/p>\n","protected":false},"excerpt":{"rendered":"<p>Pour notre Cr\u00e9mant de Bourgogne Blanc de Blancs 100% Chardonnay nous avons s\u00e9lectionn\u00e9 les plus belles parcelles de Chardonnay, provenant exclusivement du mill\u00e9sime 2019. Cette Cuv\u00e9e, \u00e9dition limit\u00e9e, refl\u00e8te l\u2019excellence et le savoir-faire de la Maison au travers du temps.<\/p>\n","protected":false},"featured_media":78540,"template":"","meta":{"_acf_changed":false,"_uag_custom_page_level_css":"","wds_primary_product_brand":0,"wds_primary_product_cat":32},"product_brand":[],"product_cat":[32,141,99,149],"product_tag":[],"class_list":{"0":"post-34536","1":"product","2":"type-product","3":"status-publish","4":"has-post-thumbnail","6":"product_cat-cremants-de-bourgogne","7":"product_cat-idees-cadeaux","8":"product_cat-nos-vins-cat","9":"product_cat-offre-privilege","10":"no-featured-image-padding","11":"sales-flash-overlay","12":"woocommerce-text-align-center","13":"woocommerce-image-align-center","14":"do-quantity-buttons","16":"first","17":"instock","18":"sale","19":"taxable","20":"shipping-taxable","21":"purchasable","22":"product-type-simple"},"acf":[],"uagb_featured_image_src":{"full":["https:\/\/www.andre-delorme.com\/wp-content\/uploads\/2023\/06\/ANDRE-DELORME-Cremant-de-Bourgogne-Millesime-Chardonnay-1-scaled.png",723,2560,false],"thumbnail":["https:\/\/www.andre-delorme.com\/wp-content\/uploads\/2023\/06\/ANDRE-DELORME-Cremant-de-Bourgogne-Millesime-Chardonnay-1-150x150.png",150,150,true],"medium":["https:\/\/www.andre-delorme.com\/wp-content\/uploads\/2023\/06\/ANDRE-DELORME-Cremant-de-Bourgogne-Millesime-Chardonnay-1-85x300.png",85,300,true],"medium_large":["https:\/\/www.andre-delorme.com\/wp-content\/uploads\/2023\/06\/ANDRE-DELORME-Cremant-de-Bourgogne-Millesime-Chardonnay-1-768x2719.png",768,2719,true],"large":["https:\/\/www.andre-delorme.com\/wp-content\/uploads\/2023\/06\/ANDRE-DELORME-Cremant-de-Bourgogne-Millesime-Chardonnay-1-289x1024.png",289,1024,true],"1536x1536":["https:\/\/www.andre-delorme.com\/wp-content\/uploads\/2023\/06\/ANDRE-DELORME-Cremant-de-Bourgogne-Millesime-Chardonnay-1-434x1536.png",434,1536,true],"2048x2048":["https:\/\/www.andre-delorme.com\/wp-content\/uploads\/2023\/06\/ANDRE-DELORME-Cremant-de-Bourgogne-Millesime-Chardonnay-1-578x2048.png",578,2048,true],"woocommerce_thumbnail":["https:\/\/www.andre-delorme.com\/wp-content\/uploads\/2023\/06\/ANDRE-DELORME-Cremant-de-Bourgogne-Millesime-Chardonnay-1-300x1062.png",300,1062,true],"woocommerce_single":["https:\/\/www.andre-delorme.com\/wp-content\/uploads\/2023\/06\/ANDRE-DELORME-Cremant-de-Bourgogne-Millesime-Chardonnay-1-600x2124.png",600,2124,true],"woocommerce_gallery_thumbnail":["https:\/\/www.andre-delorme.com\/wp-content\/uploads\/2023\/06\/ANDRE-DELORME-Cremant-de-Bourgogne-Millesime-Chardonnay-1-100x100.png",100,100,true],"variation_swatches_image_size":["https:\/\/www.andre-delorme.com\/wp-content\/uploads\/2023\/06\/ANDRE-DELORME-Cremant-de-Bourgogne-Millesime-Chardonnay-1-50x50.png",50,50,true],"variation_swatches_tooltip_size":["https:\/\/www.andre-delorme.com\/wp-content\/uploads\/2023\/06\/ANDRE-DELORME-Cremant-de-Bourgogne-Millesime-Chardonnay-1-100x100.png",100,100,true]},"uagb_author_info":{"display_name":"Florian Migeon","author_link":"https:\/\/www.andre-delorme.com\/en\/author\/"},"uagb_comment_info":0,"uagb_excerpt":"Pour notre Cr\u00e9mant de Bourgogne Blanc de Blancs 100% Chardonnay nous avons s\u00e9lectionn\u00e9 les plus belles parcelles de Chardonnay, provenant exclusivement du mill\u00e9sime 2019. Cette Cuv\u00e9e, \u00e9dition limit\u00e9e, refl\u00e8te l\u2019excellence et le savoir-faire de la Maison au travers du temps.","_links":{"self":[{"href":"https:\/\/www.andre-delorme.com\/en\/wp-json\/wp\/v2\/product\/34536","targetHints":{"allow":["GET"]}}],"collection":[{"href":"https:\/\/www.andre-delorme.com\/en\/wp-json\/wp\/v2\/product"}],"about":[{"href":"https:\/\/www.andre-delorme.com\/en\/wp-json\/wp\/v2\/types\/product"}],"wp:featuredmedia":[{"embeddable":true,"href":"https:\/\/www.andre-delorme.com\/en\/wp-json\/wp\/v2\/media\/78540"}],"wp:attachment":[{"href":"https:\/\/www.andre-delorme.com\/en\/wp-json\/wp\/v2\/media?parent=34536"}],"wp:term":[{"taxonomy":"product_brand","embeddable":true,"href":"https:\/\/www.andre-delorme.com\/en\/wp-json\/wp\/v2\/product_brand?post=34536"},{"taxonomy":"product_cat","embeddable":true,"href":"https:\/\/www.andre-delorme.com\/en\/wp-json\/wp\/v2\/product_cat?post=34536"},{"taxonomy":"product_tag","embeddable":true,"href":"https:\/\/www.andre-delorme.com\/en\/wp-json\/wp\/v2\/product_tag?post=34536"}],"curies":[{"name":"wp","href":"https:\/\/api.w.org\/{rel}","templated":true}]}}