{"id":34417,"date":"2023-01-03T18:52:34","date_gmt":"2023-01-03T17:52:34","guid":{"rendered":"https:\/\/andre-delorme.com\/boutique\/chardonnay-2017-blanc-de-blancs-brut-80-years-anniversary-cuvee\/"},"modified":"2025-04-03T15:08:27","modified_gmt":"2025-04-03T13:08:27","slug":"cremant-chardonnay-blanc-brut-anniversary-cuvee","status":"publish","type":"product","link":"https:\/\/www.andre-delorme.com\/en\/shop\/cremant-chardonnay-blanc-brut-anniversary-cuvee\/","title":{"rendered":"Chardonnay 2017 &#8211; Blanc de Blancs &#8211; Brut &#8211; 80 Years Anniversary Cuvee"},"content":{"rendered":"<p>The Cuv\u00e9es Anniversaire have been created to celebrate the 80th anniversary of the Maison Andr\u00e9 Delorme. For our Cr\u00e9mant de Bourgogne Blanc de Blancs 100% Chardonnay we have selected the finest plots of Chardonnay, exclusively from the 2017 vintage. This limited-edition Cuv\u00e9e reflects the excellence and expertise of the House over time.<\/p>\n","protected":false},"excerpt":{"rendered":"<p>This Cuv\u00e9e Anniversaire has been created to celebrate the 80th anniversary of the Maison Andr\u00e9 Delorme. We have selected the finest plots of Chardonnay, exclusively from the 2018 vintage, to create this limited-edition Cuv\u00e9e. It reflects the excellence and expertise of the House throughout the ages.<\/p>\n","protected":false},"featured_media":30778,"template":"","meta":{"_acf_changed":false,"_uag_custom_page_level_css":"","wds_primary_product_brand":0,"wds_primary_product_cat":0},"product_brand":[],"product_cat":[109,68],"product_tag":[],"class_list":{"0":"post-34417","1":"product","2":"type-product","3":"status-publish","4":"has-post-thumbnail","6":"product_cat-cremants-de-bourgogne-en","7":"product_cat-our-wines","8":"no-featured-image-padding","9":"sales-flash-overlay","10":"woocommerce-text-align-center","11":"woocommerce-image-align-center","12":"do-quantity-buttons","14":"first","15":"outofstock","16":"taxable","17":"shipping-taxable","18":"purchasable","19":"product-type-simple"},"acf":[],"uagb_featured_image_src":{"full":["https:\/\/www.andre-delorme.com\/wp-content\/uploads\/2023\/01\/ANDRE-DELORME-Cremant-de-Bourgogne-Chardonnay-Millesime-2017-80-ans.png",840,2974,false],"thumbnail":["https:\/\/www.andre-delorme.com\/wp-content\/uploads\/2023\/01\/ANDRE-DELORME-Cremant-de-Bourgogne-Chardonnay-Millesime-2017-80-ans-150x150.png",150,150,true],"medium":["https:\/\/www.andre-delorme.com\/wp-content\/uploads\/2023\/01\/ANDRE-DELORME-Cremant-de-Bourgogne-Chardonnay-Millesime-2017-80-ans-85x300.png",85,300,true],"medium_large":["https:\/\/www.andre-delorme.com\/wp-content\/uploads\/2023\/01\/ANDRE-DELORME-Cremant-de-Bourgogne-Chardonnay-Millesime-2017-80-ans-768x2719.png",768,2719,true],"large":["https:\/\/www.andre-delorme.com\/wp-content\/uploads\/2023\/01\/ANDRE-DELORME-Cremant-de-Bourgogne-Chardonnay-Millesime-2017-80-ans-289x1024.png",289,1024,true],"1536x1536":["https:\/\/www.andre-delorme.com\/wp-content\/uploads\/2023\/01\/ANDRE-DELORME-Cremant-de-Bourgogne-Chardonnay-Millesime-2017-80-ans-434x1536.png",434,1536,true],"2048x2048":["https:\/\/www.andre-delorme.com\/wp-content\/uploads\/2023\/01\/ANDRE-DELORME-Cremant-de-Bourgogne-Chardonnay-Millesime-2017-80-ans-578x2048.png",578,2048,true],"woocommerce_thumbnail":["https:\/\/www.andre-delorme.com\/wp-content\/uploads\/2023\/01\/ANDRE-DELORME-Cremant-de-Bourgogne-Chardonnay-Millesime-2017-80-ans-300x1062.png",300,1062,true],"woocommerce_single":["https:\/\/www.andre-delorme.com\/wp-content\/uploads\/2023\/01\/ANDRE-DELORME-Cremant-de-Bourgogne-Chardonnay-Millesime-2017-80-ans-600x2124.png",600,2124,true],"woocommerce_gallery_thumbnail":["https:\/\/www.andre-delorme.com\/wp-content\/uploads\/2023\/01\/ANDRE-DELORME-Cremant-de-Bourgogne-Chardonnay-Millesime-2017-80-ans-100x100.png",100,100,true],"variation_swatches_image_size":["https:\/\/www.andre-delorme.com\/wp-content\/uploads\/2023\/01\/ANDRE-DELORME-Cremant-de-Bourgogne-Chardonnay-Millesime-2017-80-ans-50x50.png",50,50,true],"variation_swatches_tooltip_size":["https:\/\/www.andre-delorme.com\/wp-content\/uploads\/2023\/01\/ANDRE-DELORME-Cremant-de-Bourgogne-Chardonnay-Millesime-2017-80-ans-100x100.png",100,100,true]},"uagb_author_info":{"display_name":"OLLIVIER Romain","author_link":"https:\/\/www.andre-delorme.com\/en\/author\/"},"uagb_comment_info":0,"uagb_excerpt":"This Cuv\u00e9e Anniversaire has been created to celebrate the 80th anniversary of the Maison Andr\u00e9 Delorme. We have selected the finest plots of Chardonnay, exclusively from the 2018 vintage, to create this limited-edition Cuv\u00e9e. It reflects the excellence and expertise of the House throughout the ages.","_links":{"self":[{"href":"https:\/\/www.andre-delorme.com\/en\/wp-json\/wp\/v2\/product\/34417","targetHints":{"allow":["GET"]}}],"collection":[{"href":"https:\/\/www.andre-delorme.com\/en\/wp-json\/wp\/v2\/product"}],"about":[{"href":"https:\/\/www.andre-delorme.com\/en\/wp-json\/wp\/v2\/types\/product"}],"wp:featuredmedia":[{"embeddable":true,"href":"https:\/\/www.andre-delorme.com\/en\/wp-json\/wp\/v2\/media\/30778"}],"wp:attachment":[{"href":"https:\/\/www.andre-delorme.com\/en\/wp-json\/wp\/v2\/media?parent=34417"}],"wp:term":[{"taxonomy":"product_brand","embeddable":true,"href":"https:\/\/www.andre-delorme.com\/en\/wp-json\/wp\/v2\/product_brand?post=34417"},{"taxonomy":"product_cat","embeddable":true,"href":"https:\/\/www.andre-delorme.com\/en\/wp-json\/wp\/v2\/product_cat?post=34417"},{"taxonomy":"product_tag","embeddable":true,"href":"https:\/\/www.andre-delorme.com\/en\/wp-json\/wp\/v2\/product_tag?post=34417"}],"curies":[{"name":"wp","href":"https:\/\/api.w.org\/{rel}","templated":true}]}}