{"id":34401,"date":"2023-01-03T18:52:31","date_gmt":"2023-01-03T17:52:31","guid":{"rendered":"https:\/\/andre-delorme.com\/boutique\/prestige-white-brut\/"},"modified":"2025-12-16T23:49:23","modified_gmt":"2025-12-16T22:49:23","slug":"prestige-white-brut","status":"publish","type":"product","link":"https:\/\/www.andre-delorme.com\/en\/shop\/prestige-white-brut\/","title":{"rendered":"Prestige &#8211; White &#8211; Brut"},"content":{"rendered":"<p>The Cuv\u00e9e Prestige represents the quintessence of our great Cr\u00e9mants de Bourgogne. This cuv\u00e9e develops intense aromas and reveals the freshness and finesse of Chardonnay combined with the power of Pinot Noir. Aged on lees for 36 months, it has a winey, racy character, a balance of minerality and buttery, toasty notes.<\/p>\n","protected":false},"excerpt":{"rendered":"<p>The Cuv\u00e9e Prestige represents the quintessence of our great Cr\u00e9mants de Bourgogne. This cuv\u00e9e develops intense aromas and reveals the freshness and finesse of Chardonnay combined with the power of Pinot Noir. Aged on lees for 36 months, it has a winey, racy character, a balance of minerality and buttery, toasty notes.<\/p>\n","protected":false},"featured_media":30784,"template":"","meta":{"_acf_changed":false,"_uag_custom_page_level_css":"","wds_primary_product_brand":0,"wds_primary_product_cat":0},"product_brand":[],"product_cat":[109,162,68],"product_tag":[],"class_list":{"0":"post-34401","1":"product","2":"type-product","3":"status-publish","4":"has-post-thumbnail","6":"product_cat-cremants-de-bourgogne-en","7":"product_cat-gift-ideas","8":"product_cat-our-wines","9":"no-featured-image-padding","10":"sales-flash-overlay","11":"woocommerce-text-align-center","12":"woocommerce-image-align-center","13":"do-quantity-buttons","15":"first","16":"instock","17":"sale","18":"taxable","19":"shipping-taxable","20":"purchasable","21":"product-type-simple"},"acf":[],"uagb_featured_image_src":{"full":["https:\/\/www.andre-delorme.com\/wp-content\/uploads\/2023\/01\/ANDRE-DELORME-Cremant-de-Bourgogne-Prestige.png",1230,3944,false],"thumbnail":["https:\/\/www.andre-delorme.com\/wp-content\/uploads\/2023\/01\/ANDRE-DELORME-Cremant-de-Bourgogne-Prestige-150x150.png",150,150,true],"medium":["https:\/\/www.andre-delorme.com\/wp-content\/uploads\/2023\/01\/ANDRE-DELORME-Cremant-de-Bourgogne-Prestige-94x300.png",94,300,true],"medium_large":["https:\/\/www.andre-delorme.com\/wp-content\/uploads\/2023\/01\/ANDRE-DELORME-Cremant-de-Bourgogne-Prestige-768x2463.png",768,2463,true],"large":["https:\/\/www.andre-delorme.com\/wp-content\/uploads\/2023\/01\/ANDRE-DELORME-Cremant-de-Bourgogne-Prestige-319x1024.png",319,1024,true],"1536x1536":["https:\/\/www.andre-delorme.com\/wp-content\/uploads\/2023\/01\/ANDRE-DELORME-Cremant-de-Bourgogne-Prestige-479x1536.png",479,1536,true],"2048x2048":["https:\/\/www.andre-delorme.com\/wp-content\/uploads\/2023\/01\/ANDRE-DELORME-Cremant-de-Bourgogne-Prestige-639x2048.png",639,2048,true],"woocommerce_thumbnail":["https:\/\/www.andre-delorme.com\/wp-content\/uploads\/2023\/01\/ANDRE-DELORME-Cremant-de-Bourgogne-Prestige-300x962.png",300,962,true],"woocommerce_single":["https:\/\/www.andre-delorme.com\/wp-content\/uploads\/2023\/01\/ANDRE-DELORME-Cremant-de-Bourgogne-Prestige-600x1924.png",600,1924,true],"woocommerce_gallery_thumbnail":["https:\/\/www.andre-delorme.com\/wp-content\/uploads\/2023\/01\/ANDRE-DELORME-Cremant-de-Bourgogne-Prestige-100x100.png",100,100,true],"variation_swatches_image_size":["https:\/\/www.andre-delorme.com\/wp-content\/uploads\/2023\/01\/ANDRE-DELORME-Cremant-de-Bourgogne-Prestige-50x50.png",50,50,true],"variation_swatches_tooltip_size":["https:\/\/www.andre-delorme.com\/wp-content\/uploads\/2023\/01\/ANDRE-DELORME-Cremant-de-Bourgogne-Prestige-100x100.png",100,100,true]},"uagb_author_info":{"display_name":"OLLIVIER Romain","author_link":"https:\/\/www.andre-delorme.com\/en\/author\/"},"uagb_comment_info":0,"uagb_excerpt":"The Cuv\u00e9e Prestige represents the quintessence of our great Cr\u00e9mants de Bourgogne. This cuv\u00e9e develops intense aromas and reveals the freshness and finesse of Chardonnay combined with the power of Pinot Noir. Aged on lees for 36 months, it has a winey, racy character, a balance of minerality and buttery, toasty notes.","_links":{"self":[{"href":"https:\/\/www.andre-delorme.com\/en\/wp-json\/wp\/v2\/product\/34401","targetHints":{"allow":["GET"]}}],"collection":[{"href":"https:\/\/www.andre-delorme.com\/en\/wp-json\/wp\/v2\/product"}],"about":[{"href":"https:\/\/www.andre-delorme.com\/en\/wp-json\/wp\/v2\/types\/product"}],"wp:featuredmedia":[{"embeddable":true,"href":"https:\/\/www.andre-delorme.com\/en\/wp-json\/wp\/v2\/media\/30784"}],"wp:attachment":[{"href":"https:\/\/www.andre-delorme.com\/en\/wp-json\/wp\/v2\/media?parent=34401"}],"wp:term":[{"taxonomy":"product_brand","embeddable":true,"href":"https:\/\/www.andre-delorme.com\/en\/wp-json\/wp\/v2\/product_brand?post=34401"},{"taxonomy":"product_cat","embeddable":true,"href":"https:\/\/www.andre-delorme.com\/en\/wp-json\/wp\/v2\/product_cat?post=34401"},{"taxonomy":"product_tag","embeddable":true,"href":"https:\/\/www.andre-delorme.com\/en\/wp-json\/wp\/v2\/product_tag?post=34401"}],"curies":[{"name":"wp","href":"https:\/\/api.w.org\/{rel}","templated":true}]}}