{"id":34400,"date":"2023-01-03T18:52:31","date_gmt":"2023-01-03T17:52:31","guid":{"rendered":"https:\/\/andre-delorme.com\/boutique\/terroir-dexception-blanc-de-blancs-brut\/"},"modified":"2026-04-01T01:36:19","modified_gmt":"2026-03-31T23:36:19","slug":"terroir-d-exception-blanc-de-blancs-brut","status":"publish","type":"product","link":"https:\/\/www.andre-delorme.com\/en\/shop\/terroir-d-exception-blanc-de-blancs-brut\/","title":{"rendered":"Terroir d&#8217;Exception Blanc de Blancs Brut"},"content":{"rendered":"<p>Produced each year from Chardonnay and Aligot\u00e9 grapes grown in the finest predominantly limestone terroirs in Burgundy, Cuv\u00e9e Blanc de Blancs Terroir d&#8217;Exception is Andr\u00e9 Delorme&#8217;s most festive and airy Cr\u00e9mant, an intense expression of citrus and white fruit. The spearhead of our Cuv\u00e9e de Terroir range, this blend of Burgundy&#8217;s 2 white juice grape varieties is matured for 24 months on laths. It has a long, invigorating finish with hints of citrus fruit and pear, as well as fresh almonds and a hint of toast. Son \u00e9tiquette embl\u00e9matique, dans un &#8220;total look or&#8221;, lui vaut bien des surnoms.<\/p>\n","protected":false},"excerpt":{"rendered":"<p>Our Cr\u00e9mant de Bourgogne Terroir d&#8217;Exception Blanc de Blancs Brut is a blend of Chardonnay and Aligot\u00e9 grapes from the finest predominantly limestone terroirs in Burgundy. It is aged for 24 months on lees. Andr\u00e9 Delorme&#8217;s most festive and airy Cr\u00e9mant, it has a long, invigorating finish with intense citrus and white fruit aromas.<\/p>\n","protected":false},"featured_media":30487,"template":"","meta":{"_acf_changed":false,"_uag_custom_page_level_css":"","wds_primary_product_brand":0,"wds_primary_product_cat":0},"product_brand":[],"product_cat":[109,162,68],"product_tag":[],"class_list":{"0":"post-34400","1":"product","2":"type-product","3":"status-publish","4":"has-post-thumbnail","6":"product_cat-cremants-de-bourgogne-en","7":"product_cat-gift-ideas","8":"product_cat-our-wines","9":"no-featured-image-padding","10":"sales-flash-overlay","11":"woocommerce-text-align-center","12":"woocommerce-image-align-center","13":"do-quantity-buttons","15":"first","16":"instock","17":"sale","18":"taxable","19":"shipping-taxable","20":"purchasable","21":"product-type-variable","22":"has-default-attributes"},"acf":[],"uagb_featured_image_src":{"full":["https:\/\/www.andre-delorme.com\/wp-content\/uploads\/2023\/01\/ANDRE-DELORME-Cremant-de-Bourgogne-Terroir-dException-Blanc-Brut.png",910,2822,false],"thumbnail":["https:\/\/www.andre-delorme.com\/wp-content\/uploads\/2023\/01\/ANDRE-DELORME-Cremant-de-Bourgogne-Terroir-dException-Blanc-Brut-150x150.png",150,150,true],"medium":["https:\/\/www.andre-delorme.com\/wp-content\/uploads\/2023\/01\/ANDRE-DELORME-Cremant-de-Bourgogne-Terroir-dException-Blanc-Brut-97x300.png",97,300,true],"medium_large":["https:\/\/www.andre-delorme.com\/wp-content\/uploads\/2023\/01\/ANDRE-DELORME-Cremant-de-Bourgogne-Terroir-dException-Blanc-Brut-768x2382.png",768,2382,true],"large":["https:\/\/www.andre-delorme.com\/wp-content\/uploads\/2023\/01\/ANDRE-DELORME-Cremant-de-Bourgogne-Terroir-dException-Blanc-Brut-330x1024.png",330,1024,true],"1536x1536":["https:\/\/www.andre-delorme.com\/wp-content\/uploads\/2023\/01\/ANDRE-DELORME-Cremant-de-Bourgogne-Terroir-dException-Blanc-Brut-495x1536.png",495,1536,true],"2048x2048":["https:\/\/www.andre-delorme.com\/wp-content\/uploads\/2023\/01\/ANDRE-DELORME-Cremant-de-Bourgogne-Terroir-dException-Blanc-Brut-660x2048.png",660,2048,true],"woocommerce_thumbnail":["https:\/\/www.andre-delorme.com\/wp-content\/uploads\/2023\/01\/ANDRE-DELORME-Cremant-de-Bourgogne-Terroir-dException-Blanc-Brut-300x930.png",300,930,true],"woocommerce_single":["https:\/\/www.andre-delorme.com\/wp-content\/uploads\/2023\/01\/ANDRE-DELORME-Cremant-de-Bourgogne-Terroir-dException-Blanc-Brut-600x1861.png",600,1861,true],"woocommerce_gallery_thumbnail":["https:\/\/www.andre-delorme.com\/wp-content\/uploads\/2023\/01\/ANDRE-DELORME-Cremant-de-Bourgogne-Terroir-dException-Blanc-Brut-100x100.png",100,100,true],"variation_swatches_image_size":["https:\/\/www.andre-delorme.com\/wp-content\/uploads\/2023\/01\/ANDRE-DELORME-Cremant-de-Bourgogne-Terroir-dException-Blanc-Brut-50x50.png",50,50,true],"variation_swatches_tooltip_size":["https:\/\/www.andre-delorme.com\/wp-content\/uploads\/2023\/01\/ANDRE-DELORME-Cremant-de-Bourgogne-Terroir-dException-Blanc-Brut-100x100.png",100,100,true]},"uagb_author_info":{"display_name":"OLLIVIER Romain","author_link":"https:\/\/www.andre-delorme.com\/en\/author\/"},"uagb_comment_info":0,"uagb_excerpt":"Our Cr\u00e9mant de Bourgogne Terroir d'Exception Blanc de Blancs Brut is a blend of Chardonnay and Aligot\u00e9 grapes from the finest predominantly limestone terroirs in Burgundy. It is aged for 24 months on lees. Andr\u00e9 Delorme's most festive and airy Cr\u00e9mant, it has a long, invigorating finish with intense citrus and white fruit aromas.","_links":{"self":[{"href":"https:\/\/www.andre-delorme.com\/en\/wp-json\/wp\/v2\/product\/34400","targetHints":{"allow":["GET"]}}],"collection":[{"href":"https:\/\/www.andre-delorme.com\/en\/wp-json\/wp\/v2\/product"}],"about":[{"href":"https:\/\/www.andre-delorme.com\/en\/wp-json\/wp\/v2\/types\/product"}],"wp:featuredmedia":[{"embeddable":true,"href":"https:\/\/www.andre-delorme.com\/en\/wp-json\/wp\/v2\/media\/30487"}],"wp:attachment":[{"href":"https:\/\/www.andre-delorme.com\/en\/wp-json\/wp\/v2\/media?parent=34400"}],"wp:term":[{"taxonomy":"product_brand","embeddable":true,"href":"https:\/\/www.andre-delorme.com\/en\/wp-json\/wp\/v2\/product_brand?post=34400"},{"taxonomy":"product_cat","embeddable":true,"href":"https:\/\/www.andre-delorme.com\/en\/wp-json\/wp\/v2\/product_cat?post=34400"},{"taxonomy":"product_tag","embeddable":true,"href":"https:\/\/www.andre-delorme.com\/en\/wp-json\/wp\/v2\/product_tag?post=34400"}],"curies":[{"name":"wp","href":"https:\/\/api.w.org\/{rel}","templated":true}]}}