{"id":34399,"date":"2023-01-03T18:52:31","date_gmt":"2023-01-03T17:52:31","guid":{"rendered":"https:\/\/andre-delorme.com\/boutique\/terroirs-des-fruits-blanc-de-noirs-brut\/"},"modified":"2025-12-16T23:49:23","modified_gmt":"2025-12-16T22:49:23","slug":"terroirs-des-fruits-blanc-de-noirs-brut","status":"publish","type":"product","link":"https:\/\/www.andre-delorme.com\/en\/shop\/terroirs-des-fruits-blanc-de-noirs-brut\/","title":{"rendered":"Terroirs des Fruits &#8211; Blanc de Noirs &#8211; Brut"},"content":{"rendered":"<p>Our Terroirs des Fruits cuv\u00e9e refers to white-fleshed fruits (peach, apricot) as well as small red fruits. This is a Blanc de Noirs, a blend of grape varieties producing black-skinned grapes. These grapes come from plots selected for their predominantly fruity aromas (a characteristic usually found in C\u00f4te Chalonnaise or Couchois wines). This is what gives this Cr\u00e9mant its superb finesse, with a full, vinous structure that is characteristic of the Delorme style. This cuv\u00e9e is made exclusively from Pinot Noir and Gamay grapes. The coloured bands on its pearly label reflect its luminous personality and the excellence of the House&#8217;s winemakers over the years.<\/p>\n","protected":false},"excerpt":{"rendered":"<p>Our Terroirs des Fruits cuv\u00e9e refers to white-fleshed fruits (peach, apricot) as well as small red fruits. This is a Blanc de Noirs whose grapes come from parcels selected for their predominantly fruity aromas (characteristic of C\u00f4te Chalonnaise or Couchois wines). Made exclusively from Pinot Noir and Gamay grapes, this blend brings superb finesse to this Cr\u00e9mant, with a full, vinous structure that is characteristic of the Delorme style. The colourful bands on its pearly label reflect its luminous personality.<\/p>\n","protected":false},"featured_media":78752,"template":"","meta":{"_acf_changed":false,"_uag_custom_page_level_css":"","wds_primary_product_brand":0,"wds_primary_product_cat":0},"product_brand":[],"product_cat":[109,162,68],"product_tag":[],"class_list":{"0":"post-34399","1":"product","2":"type-product","3":"status-publish","4":"has-post-thumbnail","6":"product_cat-cremants-de-bourgogne-en","7":"product_cat-gift-ideas","8":"product_cat-our-wines","9":"no-featured-image-padding","10":"sales-flash-overlay","11":"woocommerce-text-align-center","12":"woocommerce-image-align-center","13":"do-quantity-buttons","15":"first","16":"instock","17":"sale","18":"taxable","19":"shipping-taxable","20":"purchasable","21":"product-type-simple"},"acf":[],"uagb_featured_image_src":{"full":["https:\/\/www.andre-delorme.com\/wp-content\/uploads\/2023\/01\/ANDRE-DELORME-Cremant-de-Bourgogne-Terroirs-des-Fruits-Blanc-de-Noirs-Brut-scaled.png",745,2560,false],"thumbnail":["https:\/\/www.andre-delorme.com\/wp-content\/uploads\/2023\/01\/ANDRE-DELORME-Cremant-de-Bourgogne-Terroirs-des-Fruits-Blanc-de-Noirs-Brut-150x150.png",150,150,true],"medium":["https:\/\/www.andre-delorme.com\/wp-content\/uploads\/2023\/01\/ANDRE-DELORME-Cremant-de-Bourgogne-Terroirs-des-Fruits-Blanc-de-Noirs-Brut-87x300.png",87,300,true],"medium_large":["https:\/\/www.andre-delorme.com\/wp-content\/uploads\/2023\/01\/ANDRE-DELORME-Cremant-de-Bourgogne-Terroirs-des-Fruits-Blanc-de-Noirs-Brut-768x2640.png",768,2640,true],"large":["https:\/\/www.andre-delorme.com\/wp-content\/uploads\/2023\/01\/ANDRE-DELORME-Cremant-de-Bourgogne-Terroirs-des-Fruits-Blanc-de-Noirs-Brut-298x1024.png",298,1024,true],"1536x1536":["https:\/\/www.andre-delorme.com\/wp-content\/uploads\/2023\/01\/ANDRE-DELORME-Cremant-de-Bourgogne-Terroirs-des-Fruits-Blanc-de-Noirs-Brut-447x1536.png",447,1536,true],"2048x2048":["https:\/\/www.andre-delorme.com\/wp-content\/uploads\/2023\/01\/ANDRE-DELORME-Cremant-de-Bourgogne-Terroirs-des-Fruits-Blanc-de-Noirs-Brut-596x2048.png",596,2048,true],"woocommerce_thumbnail":["https:\/\/www.andre-delorme.com\/wp-content\/uploads\/2023\/01\/ANDRE-DELORME-Cremant-de-Bourgogne-Terroirs-des-Fruits-Blanc-de-Noirs-Brut-300x1031.png",300,1031,true],"woocommerce_single":["https:\/\/www.andre-delorme.com\/wp-content\/uploads\/2023\/01\/ANDRE-DELORME-Cremant-de-Bourgogne-Terroirs-des-Fruits-Blanc-de-Noirs-Brut-600x2062.png",600,2062,true],"woocommerce_gallery_thumbnail":["https:\/\/www.andre-delorme.com\/wp-content\/uploads\/2023\/01\/ANDRE-DELORME-Cremant-de-Bourgogne-Terroirs-des-Fruits-Blanc-de-Noirs-Brut-100x100.png",100,100,true],"variation_swatches_image_size":["https:\/\/www.andre-delorme.com\/wp-content\/uploads\/2023\/01\/ANDRE-DELORME-Cremant-de-Bourgogne-Terroirs-des-Fruits-Blanc-de-Noirs-Brut-50x50.png",50,50,true],"variation_swatches_tooltip_size":["https:\/\/www.andre-delorme.com\/wp-content\/uploads\/2023\/01\/ANDRE-DELORME-Cremant-de-Bourgogne-Terroirs-des-Fruits-Blanc-de-Noirs-Brut-100x100.png",100,100,true]},"uagb_author_info":{"display_name":"OLLIVIER Romain","author_link":"https:\/\/www.andre-delorme.com\/en\/author\/"},"uagb_comment_info":0,"uagb_excerpt":"Our Terroirs des Fruits cuv\u00e9e refers to white-fleshed fruits (peach, apricot) as well as small red fruits. This is a Blanc de Noirs whose grapes come from parcels selected for their predominantly fruity aromas (characteristic of C\u00f4te Chalonnaise or Couchois wines). Made exclusively from Pinot Noir and Gamay grapes, this blend brings superb finesse to&hellip;","_links":{"self":[{"href":"https:\/\/www.andre-delorme.com\/en\/wp-json\/wp\/v2\/product\/34399","targetHints":{"allow":["GET"]}}],"collection":[{"href":"https:\/\/www.andre-delorme.com\/en\/wp-json\/wp\/v2\/product"}],"about":[{"href":"https:\/\/www.andre-delorme.com\/en\/wp-json\/wp\/v2\/types\/product"}],"wp:featuredmedia":[{"embeddable":true,"href":"https:\/\/www.andre-delorme.com\/en\/wp-json\/wp\/v2\/media\/78752"}],"wp:attachment":[{"href":"https:\/\/www.andre-delorme.com\/en\/wp-json\/wp\/v2\/media?parent=34399"}],"wp:term":[{"taxonomy":"product_brand","embeddable":true,"href":"https:\/\/www.andre-delorme.com\/en\/wp-json\/wp\/v2\/product_brand?post=34399"},{"taxonomy":"product_cat","embeddable":true,"href":"https:\/\/www.andre-delorme.com\/en\/wp-json\/wp\/v2\/product_cat?post=34399"},{"taxonomy":"product_tag","embeddable":true,"href":"https:\/\/www.andre-delorme.com\/en\/wp-json\/wp\/v2\/product_tag?post=34399"}],"curies":[{"name":"wp","href":"https:\/\/api.w.org\/{rel}","templated":true}]}}