{"id":34390,"date":"2023-01-03T18:52:32","date_gmt":"2023-01-03T17:52:32","guid":{"rendered":"https:\/\/andre-delorme.com\/boutique\/terroirs-mineraux-bio-white-brut\/"},"modified":"2025-12-16T23:49:22","modified_gmt":"2025-12-16T22:49:22","slug":"terroirs-mineraux-bio-white-brut","status":"publish","type":"product","link":"https:\/\/www.andre-delorme.com\/en\/shop\/terroirs-mineraux-bio-white-brut\/","title":{"rendered":"Terroirs Min\u00e9raux BIO &#8211; White &#8211; Brut"},"content":{"rendered":"<p>Produced each year from a selection of Burgundy&#8217;s finest clay-limestone terroirs, grown on organically farmed plots. Cuv\u00e9e Terroirs Min\u00e9raux BIO is Andr\u00e9 Delorme&#8217;s signature Cr\u00e9mant, an expression of the House&#8217;s style and quality. The cornerstone of our Cuv\u00e9e de Terroir range, this Cr\u00e9mant blends the 4 emblematic grape varieties of Burgundy in a balanced alliance of vitality, finesse and elegance, characteristic of the Delorme style. The coloured bands on its pearly label reflect its luminous personality and the excellence of the House&#8217;s winemakers over the years.<\/p>\n","protected":false},"excerpt":{"rendered":"<p>Our Cuv\u00e9e Terroirs Min\u00e9raux BIO is Andr\u00e9 Delorme&#8217;s signature Cr\u00e9mant, an expression of the House&#8217;s style and quality. Produced from organically farmed plots, this Cr\u00e9mant offers a balanced blend of vitality, finesse and elegance. The colourful bands on its pearly label reflect its luminous personality.<\/p>\n","protected":false},"featured_media":0,"template":"","meta":{"_acf_changed":false,"_uag_custom_page_level_css":"","wds_primary_product_brand":0,"wds_primary_product_cat":0},"product_brand":[],"product_cat":[109,162,68],"product_tag":[],"class_list":{"0":"post-34390","1":"product","2":"type-product","3":"status-publish","5":"product_cat-cremants-de-bourgogne-en","6":"product_cat-gift-ideas","7":"product_cat-our-wines","8":"no-featured-image-padding","9":"sales-flash-overlay","10":"woocommerce-text-align-center","11":"woocommerce-image-align-center","12":"do-quantity-buttons","14":"first","15":"instock","16":"sale","17":"taxable","18":"shipping-taxable","19":"purchasable","20":"product-type-simple"},"acf":[],"uagb_featured_image_src":{"full":false,"thumbnail":false,"medium":false,"medium_large":false,"large":false,"1536x1536":false,"2048x2048":false,"woocommerce_thumbnail":false,"woocommerce_single":false,"woocommerce_gallery_thumbnail":false,"variation_swatches_image_size":false,"variation_swatches_tooltip_size":false},"uagb_author_info":{"display_name":"OLLIVIER Romain","author_link":"https:\/\/www.andre-delorme.com\/en\/author\/"},"uagb_comment_info":0,"uagb_excerpt":"Our Cuv\u00e9e Terroirs Min\u00e9raux BIO is Andr\u00e9 Delorme's signature Cr\u00e9mant, an expression of the House's style and quality. Produced from organically farmed plots, this Cr\u00e9mant offers a balanced blend of vitality, finesse and elegance. The colourful bands on its pearly label reflect its luminous personality.","_links":{"self":[{"href":"https:\/\/www.andre-delorme.com\/en\/wp-json\/wp\/v2\/product\/34390","targetHints":{"allow":["GET"]}}],"collection":[{"href":"https:\/\/www.andre-delorme.com\/en\/wp-json\/wp\/v2\/product"}],"about":[{"href":"https:\/\/www.andre-delorme.com\/en\/wp-json\/wp\/v2\/types\/product"}],"wp:attachment":[{"href":"https:\/\/www.andre-delorme.com\/en\/wp-json\/wp\/v2\/media?parent=34390"}],"wp:term":[{"taxonomy":"product_brand","embeddable":true,"href":"https:\/\/www.andre-delorme.com\/en\/wp-json\/wp\/v2\/product_brand?post=34390"},{"taxonomy":"product_cat","embeddable":true,"href":"https:\/\/www.andre-delorme.com\/en\/wp-json\/wp\/v2\/product_cat?post=34390"},{"taxonomy":"product_tag","embeddable":true,"href":"https:\/\/www.andre-delorme.com\/en\/wp-json\/wp\/v2\/product_tag?post=34390"}],"curies":[{"name":"wp","href":"https:\/\/api.w.org\/{rel}","templated":true}]}}