{"id":34384,"date":"2023-01-03T18:52:34","date_gmt":"2023-01-03T17:52:34","guid":{"rendered":"https:\/\/andre-delorme.com\/boutique\/terroirs-mineraux-white-extra-brut\/"},"modified":"2025-12-16T23:49:22","modified_gmt":"2025-12-16T22:49:22","slug":"terroirs-mineraux-white-extra-brut","status":"publish","type":"product","link":"https:\/\/www.andre-delorme.com\/en\/shop\/terroirs-mineraux-white-extra-brut\/","title":{"rendered":"Terroirs Min\u00e9raux &#8211; White &#8211; Extra-Brut"},"content":{"rendered":"<p>Made each year from a selection of the finest clay-limestone terroirs in Burgundy, Cuv\u00e9e Terroirs Min\u00e9raux is Andr\u00e9 Delorme&#8217;s signature Cr\u00e9mant, an expression of the House&#8217;s style and quality. The specificity of Extra-Brut lies in the fact that no sugar is added to the expedition liqueur. This Cr\u00e9mant blends the 4 emblematic grape varieties of Burgundy in a balanced alliance of vitality, finesse and elegance, characteristic of the Delorme style. The coloured bands on its pearly label reflect its luminous personality and the excellence of the House&#8217;s winemakers over the years.<\/p>\n<p>&nbsp;<\/p>\n","protected":false},"excerpt":{"rendered":"<p>Our Cuv\u00e9e Terroirs Min\u00e9raux is Andr\u00e9 Delorme&#8217;s signature Cr\u00e9mant, an expression of the House&#8217;s style and quality, with an Extra-Brut dosage, in other words, no added sugar in the expedition liqueur. This Cr\u00e9mant offers plenty of freshness and elegance. The colourful bands on its pearly label reflect its luminous personality.<\/p>\n","protected":false},"featured_media":30776,"template":"","meta":{"_acf_changed":false,"_uag_custom_page_level_css":"","wds_primary_product_brand":0,"wds_primary_product_cat":0},"product_brand":[],"product_cat":[109,162,68],"product_tag":[],"class_list":{"0":"post-34384","1":"product","2":"type-product","3":"status-publish","4":"has-post-thumbnail","6":"product_cat-cremants-de-bourgogne-en","7":"product_cat-gift-ideas","8":"product_cat-our-wines","9":"no-featured-image-padding","10":"sales-flash-overlay","11":"woocommerce-text-align-center","12":"woocommerce-image-align-center","13":"do-quantity-buttons","15":"first","16":"instock","17":"sale","18":"taxable","19":"shipping-taxable","20":"purchasable","21":"product-type-simple"},"acf":[],"uagb_featured_image_src":{"full":["https:\/\/www.andre-delorme.com\/wp-content\/uploads\/2023\/01\/ANDRE-DELORME-Cremant-de-Bourgogne-Terroirs-des-Mineraux-Extra-Brut-Blanc-75CL.png",1467,3543,false],"thumbnail":["https:\/\/www.andre-delorme.com\/wp-content\/uploads\/2023\/01\/ANDRE-DELORME-Cremant-de-Bourgogne-Terroirs-des-Mineraux-Extra-Brut-Blanc-75CL-150x150.png",150,150,true],"medium":["https:\/\/www.andre-delorme.com\/wp-content\/uploads\/2023\/01\/ANDRE-DELORME-Cremant-de-Bourgogne-Terroirs-des-Mineraux-Extra-Brut-Blanc-75CL-124x300.png",124,300,true],"medium_large":["https:\/\/www.andre-delorme.com\/wp-content\/uploads\/2023\/01\/ANDRE-DELORME-Cremant-de-Bourgogne-Terroirs-des-Mineraux-Extra-Brut-Blanc-75CL-768x1855.png",768,1855,true],"large":["https:\/\/www.andre-delorme.com\/wp-content\/uploads\/2023\/01\/ANDRE-DELORME-Cremant-de-Bourgogne-Terroirs-des-Mineraux-Extra-Brut-Blanc-75CL-424x1024.png",424,1024,true],"1536x1536":["https:\/\/www.andre-delorme.com\/wp-content\/uploads\/2023\/01\/ANDRE-DELORME-Cremant-de-Bourgogne-Terroirs-des-Mineraux-Extra-Brut-Blanc-75CL-636x1536.png",636,1536,true],"2048x2048":["https:\/\/www.andre-delorme.com\/wp-content\/uploads\/2023\/01\/ANDRE-DELORME-Cremant-de-Bourgogne-Terroirs-des-Mineraux-Extra-Brut-Blanc-75CL-848x2048.png",848,2048,true],"woocommerce_thumbnail":["https:\/\/www.andre-delorme.com\/wp-content\/uploads\/2023\/01\/ANDRE-DELORME-Cremant-de-Bourgogne-Terroirs-des-Mineraux-Extra-Brut-Blanc-75CL-300x725.png",300,725,true],"woocommerce_single":["https:\/\/www.andre-delorme.com\/wp-content\/uploads\/2023\/01\/ANDRE-DELORME-Cremant-de-Bourgogne-Terroirs-des-Mineraux-Extra-Brut-Blanc-75CL-600x1449.png",600,1449,true],"woocommerce_gallery_thumbnail":["https:\/\/www.andre-delorme.com\/wp-content\/uploads\/2023\/01\/ANDRE-DELORME-Cremant-de-Bourgogne-Terroirs-des-Mineraux-Extra-Brut-Blanc-75CL-100x100.png",100,100,true],"variation_swatches_image_size":["https:\/\/www.andre-delorme.com\/wp-content\/uploads\/2023\/01\/ANDRE-DELORME-Cremant-de-Bourgogne-Terroirs-des-Mineraux-Extra-Brut-Blanc-75CL-50x50.png",50,50,true],"variation_swatches_tooltip_size":["https:\/\/www.andre-delorme.com\/wp-content\/uploads\/2023\/01\/ANDRE-DELORME-Cremant-de-Bourgogne-Terroirs-des-Mineraux-Extra-Brut-Blanc-75CL-100x100.png",100,100,true]},"uagb_author_info":{"display_name":"OLLIVIER Romain","author_link":"https:\/\/www.andre-delorme.com\/en\/author\/"},"uagb_comment_info":0,"uagb_excerpt":"Our Cuv\u00e9e Terroirs Min\u00e9raux is Andr\u00e9 Delorme's signature Cr\u00e9mant, an expression of the House's style and quality, with an Extra-Brut dosage, in other words, no added sugar in the expedition liqueur. This Cr\u00e9mant offers plenty of freshness and elegance. The colourful bands on its pearly label reflect its luminous personality.","_links":{"self":[{"href":"https:\/\/www.andre-delorme.com\/en\/wp-json\/wp\/v2\/product\/34384","targetHints":{"allow":["GET"]}}],"collection":[{"href":"https:\/\/www.andre-delorme.com\/en\/wp-json\/wp\/v2\/product"}],"about":[{"href":"https:\/\/www.andre-delorme.com\/en\/wp-json\/wp\/v2\/types\/product"}],"wp:featuredmedia":[{"embeddable":true,"href":"https:\/\/www.andre-delorme.com\/en\/wp-json\/wp\/v2\/media\/30776"}],"wp:attachment":[{"href":"https:\/\/www.andre-delorme.com\/en\/wp-json\/wp\/v2\/media?parent=34384"}],"wp:term":[{"taxonomy":"product_brand","embeddable":true,"href":"https:\/\/www.andre-delorme.com\/en\/wp-json\/wp\/v2\/product_brand?post=34384"},{"taxonomy":"product_cat","embeddable":true,"href":"https:\/\/www.andre-delorme.com\/en\/wp-json\/wp\/v2\/product_cat?post=34384"},{"taxonomy":"product_tag","embeddable":true,"href":"https:\/\/www.andre-delorme.com\/en\/wp-json\/wp\/v2\/product_tag?post=34384"}],"curies":[{"name":"wp","href":"https:\/\/api.w.org\/{rel}","templated":true}]}}