{"id":30877,"date":"2023-03-15T01:29:33","date_gmt":"2023-03-15T00:29:33","guid":{"rendered":"https:\/\/andre-delorme.fr\/?post_type=product&#038;p=30877"},"modified":"2026-03-31T08:50:25","modified_gmt":"2026-03-31T06:50:25","slug":"bouzeron","status":"publish","type":"product","link":"https:\/\/www.andre-delorme.com\/en\/shop\/bouzeron\/","title":{"rendered":"Bouzeron"},"content":{"rendered":"<p>Ce petit village faisant partie du vignoble Chalonnais et situ\u00e9 entre les villages de Chagny et Rully, est r\u00e9put\u00e9 pour ses vins blancs issus du c\u00e9page Aligot\u00e9. Il s\u2019agit de la premi\u00e8re et unique Appellation Village issue de ce c\u00e9page.<\/p>\n","protected":false},"excerpt":{"rendered":"<p>Ce petit village est r\u00e9put\u00e9 pour ses vins blancs issus du c\u00e9page Aligot\u00e9. Il s\u2019agit de la premi\u00e8re et unique Appellation Village issue de ce c\u00e9page.<\/p>\n","protected":false},"featured_media":78010,"template":"","meta":{"_acf_changed":false,"_uag_custom_page_level_css":"","wds_primary_product_brand":0,"wds_primary_product_cat":0},"product_brand":[],"product_cat":[99,149,19],"product_tag":[],"class_list":{"0":"post-30877","1":"product","2":"type-product","3":"status-publish","4":"has-post-thumbnail","6":"product_cat-nos-vins-cat","7":"product_cat-offre-privilege","8":"product_cat-vins-de-bourgogne","9":"no-featured-image-padding","10":"sales-flash-overlay","11":"woocommerce-text-align-center","12":"woocommerce-image-align-center","13":"do-quantity-buttons","15":"first","16":"instock","17":"sale","18":"taxable","19":"shipping-taxable","20":"purchasable","21":"product-type-variable","22":"has-default-attributes"},"acf":[],"uagb_featured_image_src":{"full":["https:\/\/www.andre-delorme.com\/wp-content\/uploads\/2023\/03\/ANDRE-DELORME-Bouzeron-Blanc-NV-Sans-GVB.png",625,2083,false],"thumbnail":["https:\/\/www.andre-delorme.com\/wp-content\/uploads\/2023\/03\/ANDRE-DELORME-Bouzeron-Blanc-NV-Sans-GVB-150x150.png",150,150,true],"medium":["https:\/\/www.andre-delorme.com\/wp-content\/uploads\/2023\/03\/ANDRE-DELORME-Bouzeron-Blanc-NV-Sans-GVB-90x300.png",90,300,true],"medium_large":["https:\/\/www.andre-delorme.com\/wp-content\/uploads\/2023\/03\/ANDRE-DELORME-Bouzeron-Blanc-NV-Sans-GVB.png",625,2083,false],"large":["https:\/\/www.andre-delorme.com\/wp-content\/uploads\/2023\/03\/ANDRE-DELORME-Bouzeron-Blanc-NV-Sans-GVB-307x1024.png",307,1024,true],"1536x1536":["https:\/\/www.andre-delorme.com\/wp-content\/uploads\/2023\/03\/ANDRE-DELORME-Bouzeron-Blanc-NV-Sans-GVB-461x1536.png",461,1536,true],"2048x2048":["https:\/\/www.andre-delorme.com\/wp-content\/uploads\/2023\/03\/ANDRE-DELORME-Bouzeron-Blanc-NV-Sans-GVB-614x2048.png",614,2048,true],"woocommerce_thumbnail":["https:\/\/www.andre-delorme.com\/wp-content\/uploads\/2023\/03\/ANDRE-DELORME-Bouzeron-Blanc-NV-Sans-GVB-300x1000.png",300,1000,true],"woocommerce_single":["https:\/\/www.andre-delorme.com\/wp-content\/uploads\/2023\/03\/ANDRE-DELORME-Bouzeron-Blanc-NV-Sans-GVB-600x2000.png",600,2000,true],"woocommerce_gallery_thumbnail":["https:\/\/www.andre-delorme.com\/wp-content\/uploads\/2023\/03\/ANDRE-DELORME-Bouzeron-Blanc-NV-Sans-GVB-100x100.png",100,100,true],"variation_swatches_image_size":["https:\/\/www.andre-delorme.com\/wp-content\/uploads\/2023\/03\/ANDRE-DELORME-Bouzeron-Blanc-NV-Sans-GVB-50x50.png",50,50,true],"variation_swatches_tooltip_size":["https:\/\/www.andre-delorme.com\/wp-content\/uploads\/2023\/03\/ANDRE-DELORME-Bouzeron-Blanc-NV-Sans-GVB-100x100.png",100,100,true]},"uagb_author_info":{"display_name":"Florian Migeon","author_link":"https:\/\/www.andre-delorme.com\/en\/author\/"},"uagb_comment_info":0,"uagb_excerpt":"Ce petit village est r\u00e9put\u00e9 pour ses vins blancs issus du c\u00e9page Aligot\u00e9. Il s\u2019agit de la premi\u00e8re et unique Appellation Village issue de ce c\u00e9page.","_links":{"self":[{"href":"https:\/\/www.andre-delorme.com\/en\/wp-json\/wp\/v2\/product\/30877","targetHints":{"allow":["GET"]}}],"collection":[{"href":"https:\/\/www.andre-delorme.com\/en\/wp-json\/wp\/v2\/product"}],"about":[{"href":"https:\/\/www.andre-delorme.com\/en\/wp-json\/wp\/v2\/types\/product"}],"wp:featuredmedia":[{"embeddable":true,"href":"https:\/\/www.andre-delorme.com\/en\/wp-json\/wp\/v2\/media\/78010"}],"wp:attachment":[{"href":"https:\/\/www.andre-delorme.com\/en\/wp-json\/wp\/v2\/media?parent=30877"}],"wp:term":[{"taxonomy":"product_brand","embeddable":true,"href":"https:\/\/www.andre-delorme.com\/en\/wp-json\/wp\/v2\/product_brand?post=30877"},{"taxonomy":"product_cat","embeddable":true,"href":"https:\/\/www.andre-delorme.com\/en\/wp-json\/wp\/v2\/product_cat?post=30877"},{"taxonomy":"product_tag","embeddable":true,"href":"https:\/\/www.andre-delorme.com\/en\/wp-json\/wp\/v2\/product_tag?post=30877"}],"curies":[{"name":"wp","href":"https:\/\/api.w.org\/{rel}","templated":true}]}}