{"id":30862,"date":"2023-03-15T00:13:33","date_gmt":"2023-03-14T23:13:33","guid":{"rendered":"https:\/\/andre-delorme.fr\/?post_type=product&#038;p=30862"},"modified":"2026-03-31T19:13:27","modified_gmt":"2026-03-31T17:13:27","slug":"montagny-1er-cru","status":"publish","type":"product","link":"https:\/\/www.andre-delorme.com\/en\/shop\/montagny-1er-cru\/","title":{"rendered":"Montagny 1er Cru"},"content":{"rendered":"<p>L\u2019appellation Montagny 1er Cru est un vin blanc issu du c\u00e9page Chardonnay. Les Montagny 1er Cru se situent en zone interm\u00e9diaire et remontent tr\u00e8s souvent en haut de coteau. L\u2019altitude des vignes varie entre 240 et 385 m\u00e8tres. Les vignes se situent sur la commune de Montagny dans un amphith\u00e9\u00e2tre de collines. Les coteaux sont argilo-calcaires \u00e0 tendance calcaire. Les sols sont l\u00e9gers, peu profonds et riche de cailloux ce qui permet au Chardonnay d&#8217;exprimer toute sa puissance.<\/p>\n","protected":false},"excerpt":{"rendered":"<p>Les Montagny 1er Cru se situent en zone interm\u00e9diaire et remontent tr\u00e8s souvent en haut de coteau. Les sols sont l\u00e9gers, peu profonds et riche de cailloux ce qui permet au Chardonnay d&#8217;exprimer toute sa puissance.<\/p>\n","protected":false},"featured_media":30846,"template":"","meta":{"_acf_changed":false,"_uag_custom_page_level_css":"","wds_primary_product_brand":0,"wds_primary_product_cat":19},"product_brand":[],"product_cat":[99,149,19],"product_tag":[],"class_list":{"0":"post-30862","1":"product","2":"type-product","3":"status-publish","4":"has-post-thumbnail","6":"product_cat-nos-vins-cat","7":"product_cat-offre-privilege","8":"product_cat-vins-de-bourgogne","9":"no-featured-image-padding","10":"sales-flash-overlay","11":"woocommerce-text-align-center","12":"woocommerce-image-align-center","13":"do-quantity-buttons","15":"first","16":"instock","17":"sale","18":"taxable","19":"shipping-taxable","20":"purchasable","21":"product-type-variable","22":"has-default-attributes"},"acf":[],"uagb_featured_image_src":{"full":["https:\/\/www.andre-delorme.com\/wp-content\/uploads\/2023\/03\/ANDRE-DELORME-Montagny-1er-Cru-NV.png",625,2083,false],"thumbnail":["https:\/\/www.andre-delorme.com\/wp-content\/uploads\/2023\/03\/ANDRE-DELORME-Montagny-1er-Cru-NV-150x150.png",150,150,true],"medium":["https:\/\/www.andre-delorme.com\/wp-content\/uploads\/2023\/03\/ANDRE-DELORME-Montagny-1er-Cru-NV-90x300.png",90,300,true],"medium_large":["https:\/\/www.andre-delorme.com\/wp-content\/uploads\/2023\/03\/ANDRE-DELORME-Montagny-1er-Cru-NV.png",625,2083,false],"large":["https:\/\/www.andre-delorme.com\/wp-content\/uploads\/2023\/03\/ANDRE-DELORME-Montagny-1er-Cru-NV-307x1024.png",307,1024,true],"1536x1536":["https:\/\/www.andre-delorme.com\/wp-content\/uploads\/2023\/03\/ANDRE-DELORME-Montagny-1er-Cru-NV-461x1536.png",461,1536,true],"2048x2048":["https:\/\/www.andre-delorme.com\/wp-content\/uploads\/2023\/03\/ANDRE-DELORME-Montagny-1er-Cru-NV-614x2048.png",614,2048,true],"woocommerce_thumbnail":["https:\/\/www.andre-delorme.com\/wp-content\/uploads\/2023\/03\/ANDRE-DELORME-Montagny-1er-Cru-NV-300x1000.png",300,1000,true],"woocommerce_single":["https:\/\/www.andre-delorme.com\/wp-content\/uploads\/2023\/03\/ANDRE-DELORME-Montagny-1er-Cru-NV-600x2000.png",600,2000,true],"woocommerce_gallery_thumbnail":["https:\/\/www.andre-delorme.com\/wp-content\/uploads\/2023\/03\/ANDRE-DELORME-Montagny-1er-Cru-NV-100x100.png",100,100,true],"variation_swatches_image_size":["https:\/\/www.andre-delorme.com\/wp-content\/uploads\/2023\/03\/ANDRE-DELORME-Montagny-1er-Cru-NV-50x50.png",50,50,true],"variation_swatches_tooltip_size":["https:\/\/www.andre-delorme.com\/wp-content\/uploads\/2023\/03\/ANDRE-DELORME-Montagny-1er-Cru-NV-100x100.png",100,100,true]},"uagb_author_info":{"display_name":"Florian Migeon","author_link":"https:\/\/www.andre-delorme.com\/en\/author\/"},"uagb_comment_info":0,"uagb_excerpt":"Les Montagny 1er Cru se situent en zone interm\u00e9diaire et remontent tr\u00e8s souvent en haut de coteau. Les sols sont l\u00e9gers, peu profonds et riche de cailloux ce qui permet au Chardonnay d'exprimer toute sa puissance.","_links":{"self":[{"href":"https:\/\/www.andre-delorme.com\/en\/wp-json\/wp\/v2\/product\/30862","targetHints":{"allow":["GET"]}}],"collection":[{"href":"https:\/\/www.andre-delorme.com\/en\/wp-json\/wp\/v2\/product"}],"about":[{"href":"https:\/\/www.andre-delorme.com\/en\/wp-json\/wp\/v2\/types\/product"}],"wp:featuredmedia":[{"embeddable":true,"href":"https:\/\/www.andre-delorme.com\/en\/wp-json\/wp\/v2\/media\/30846"}],"wp:attachment":[{"href":"https:\/\/www.andre-delorme.com\/en\/wp-json\/wp\/v2\/media?parent=30862"}],"wp:term":[{"taxonomy":"product_brand","embeddable":true,"href":"https:\/\/www.andre-delorme.com\/en\/wp-json\/wp\/v2\/product_brand?post=30862"},{"taxonomy":"product_cat","embeddable":true,"href":"https:\/\/www.andre-delorme.com\/en\/wp-json\/wp\/v2\/product_cat?post=30862"},{"taxonomy":"product_tag","embeddable":true,"href":"https:\/\/www.andre-delorme.com\/en\/wp-json\/wp\/v2\/product_tag?post=30862"}],"curies":[{"name":"wp","href":"https:\/\/api.w.org\/{rel}","templated":true}]}}