{"id":30858,"date":"2023-03-15T00:00:04","date_gmt":"2023-03-14T23:00:04","guid":{"rendered":"https:\/\/andre-delorme.fr\/?post_type=product&#038;p=30858"},"modified":"2026-04-17T14:13:15","modified_gmt":"2026-04-17T12:13:15","slug":"bourgogne-hautes-cotes-de-nuits-blanc","status":"publish","type":"product","link":"https:\/\/www.andre-delorme.com\/en\/shop\/bourgogne-hautes-cotes-de-nuits-blanc\/","title":{"rendered":"Bourgogne Hautes-C\u00f4tes de Nuits Blanc"},"content":{"rendered":"<p>Ce vignoble est situ\u00e9 entre 300 et 400 m\u00e8tres d&#8217;altitude. La vigne occupe les versants des vall\u00e9es incisant les plateaux du calcaire jurassique, \u00e0 l&#8217;ouest de la C\u00f4te-de-Nuits. La composition est identique \u00e0 celle de la C\u00f4te-de-Nuits, mais les formations superficielles sont tr\u00e8s minces, voire inexistantes. Les sols argilocalcaires r\u00e9sultent de l&#8217;alt\u00e9ration des calcaires et des marnes du substrat.<\/p>\n","protected":false},"excerpt":{"rendered":"<p>Ce vignoble est situ\u00e9 entre 400 et 500 m\u00e8tres d&#8217;altitude. La vigne occupe les versants des vall\u00e9es incisant les plateaux du calcaire jurassique, \u00e0 l&#8217;ouest de la C\u00f4te-de-Nuits.<\/p>\n","protected":false},"featured_media":30838,"template":"","meta":{"_acf_changed":false,"_uag_custom_page_level_css":"","wds_primary_product_brand":0,"wds_primary_product_cat":19},"product_brand":[],"product_cat":[141,99,149,19],"product_tag":[],"class_list":{"0":"post-30858","1":"product","2":"type-product","3":"status-publish","4":"has-post-thumbnail","6":"product_cat-idees-cadeaux","7":"product_cat-nos-vins-cat","8":"product_cat-offre-privilege","9":"product_cat-vins-de-bourgogne","10":"no-featured-image-padding","11":"sales-flash-overlay","12":"woocommerce-text-align-center","13":"woocommerce-image-align-center","14":"do-quantity-buttons","16":"first","17":"instock","18":"sale","19":"taxable","20":"shipping-taxable","21":"purchasable","22":"product-type-variable","23":"has-default-attributes"},"acf":[],"uagb_featured_image_src":{"full":["https:\/\/www.andre-delorme.com\/wp-content\/uploads\/2023\/03\/ANDRE-DELORME-Bourgogne-Hautes-Cotes-de-Nuits-Blanc-NV.png",625,2083,false],"thumbnail":["https:\/\/www.andre-delorme.com\/wp-content\/uploads\/2023\/03\/ANDRE-DELORME-Bourgogne-Hautes-Cotes-de-Nuits-Blanc-NV-150x150.png",150,150,true],"medium":["https:\/\/www.andre-delorme.com\/wp-content\/uploads\/2023\/03\/ANDRE-DELORME-Bourgogne-Hautes-Cotes-de-Nuits-Blanc-NV-90x300.png",90,300,true],"medium_large":["https:\/\/www.andre-delorme.com\/wp-content\/uploads\/2023\/03\/ANDRE-DELORME-Bourgogne-Hautes-Cotes-de-Nuits-Blanc-NV.png",625,2083,false],"large":["https:\/\/www.andre-delorme.com\/wp-content\/uploads\/2023\/03\/ANDRE-DELORME-Bourgogne-Hautes-Cotes-de-Nuits-Blanc-NV-307x1024.png",307,1024,true],"1536x1536":["https:\/\/www.andre-delorme.com\/wp-content\/uploads\/2023\/03\/ANDRE-DELORME-Bourgogne-Hautes-Cotes-de-Nuits-Blanc-NV-461x1536.png",461,1536,true],"2048x2048":["https:\/\/www.andre-delorme.com\/wp-content\/uploads\/2023\/03\/ANDRE-DELORME-Bourgogne-Hautes-Cotes-de-Nuits-Blanc-NV-614x2048.png",614,2048,true],"woocommerce_thumbnail":["https:\/\/www.andre-delorme.com\/wp-content\/uploads\/2023\/03\/ANDRE-DELORME-Bourgogne-Hautes-Cotes-de-Nuits-Blanc-NV-300x1000.png",300,1000,true],"woocommerce_single":["https:\/\/www.andre-delorme.com\/wp-content\/uploads\/2023\/03\/ANDRE-DELORME-Bourgogne-Hautes-Cotes-de-Nuits-Blanc-NV-600x2000.png",600,2000,true],"woocommerce_gallery_thumbnail":["https:\/\/www.andre-delorme.com\/wp-content\/uploads\/2023\/03\/ANDRE-DELORME-Bourgogne-Hautes-Cotes-de-Nuits-Blanc-NV-100x100.png",100,100,true],"variation_swatches_image_size":["https:\/\/www.andre-delorme.com\/wp-content\/uploads\/2023\/03\/ANDRE-DELORME-Bourgogne-Hautes-Cotes-de-Nuits-Blanc-NV-50x50.png",50,50,true],"variation_swatches_tooltip_size":["https:\/\/www.andre-delorme.com\/wp-content\/uploads\/2023\/03\/ANDRE-DELORME-Bourgogne-Hautes-Cotes-de-Nuits-Blanc-NV-100x100.png",100,100,true]},"uagb_author_info":{"display_name":"Florian Migeon","author_link":"https:\/\/www.andre-delorme.com\/en\/author\/"},"uagb_comment_info":0,"uagb_excerpt":"Ce vignoble est situ\u00e9 entre 400 et 500 m\u00e8tres d'altitude. La vigne occupe les versants des vall\u00e9es incisant les plateaux du calcaire jurassique, \u00e0 l'ouest de la C\u00f4te-de-Nuits.","_links":{"self":[{"href":"https:\/\/www.andre-delorme.com\/en\/wp-json\/wp\/v2\/product\/30858","targetHints":{"allow":["GET"]}}],"collection":[{"href":"https:\/\/www.andre-delorme.com\/en\/wp-json\/wp\/v2\/product"}],"about":[{"href":"https:\/\/www.andre-delorme.com\/en\/wp-json\/wp\/v2\/types\/product"}],"wp:featuredmedia":[{"embeddable":true,"href":"https:\/\/www.andre-delorme.com\/en\/wp-json\/wp\/v2\/media\/30838"}],"wp:attachment":[{"href":"https:\/\/www.andre-delorme.com\/en\/wp-json\/wp\/v2\/media?parent=30858"}],"wp:term":[{"taxonomy":"product_brand","embeddable":true,"href":"https:\/\/www.andre-delorme.com\/en\/wp-json\/wp\/v2\/product_brand?post=30858"},{"taxonomy":"product_cat","embeddable":true,"href":"https:\/\/www.andre-delorme.com\/en\/wp-json\/wp\/v2\/product_cat?post=30858"},{"taxonomy":"product_tag","embeddable":true,"href":"https:\/\/www.andre-delorme.com\/en\/wp-json\/wp\/v2\/product_tag?post=30858"}],"curies":[{"name":"wp","href":"https:\/\/api.w.org\/{rel}","templated":true}]}}