{"id":30854,"date":"2023-03-14T23:39:51","date_gmt":"2023-03-14T22:39:51","guid":{"rendered":"https:\/\/andre-delorme.fr\/?post_type=product&#038;p=30854"},"modified":"2026-03-31T09:04:23","modified_gmt":"2026-03-31T07:04:23","slug":"bourgogne-chardonnay","status":"publish","type":"product","link":"https:\/\/www.andre-delorme.com\/en\/shop\/bourgogne-chardonnay\/","title":{"rendered":"Bourgogne Chardonnay"},"content":{"rendered":"<p>Notre Bourgogne Chardonnay est \u00e9labor\u00e9 \u00e0 partir d&#8217;une s\u00e9lection des meilleurs Chardonnays de la C\u00f4te Chalonnaise et du M\u00e2connais dont les sols argilo-calcaires permettent d&#8217;exprimer toute la richesse du Chardonnay. Il en r\u00e9sulte un vin authentique dont la finesse impressionne.<\/p>\n","protected":false},"excerpt":{"rendered":"<p>Notre Bourgogne Chardonnay est \u00e9labor\u00e9 \u00e0 partir d&#8217;une s\u00e9lection des meilleurs Chardonnays de la C\u00f4te Chalonnaise et du M\u00e2connais.<\/p>\n","protected":false},"featured_media":30836,"template":"","meta":{"_acf_changed":false,"_uag_custom_page_level_css":"","wds_primary_product_brand":0,"wds_primary_product_cat":19},"product_brand":[],"product_cat":[99,149,19],"product_tag":[],"class_list":{"0":"post-30854","1":"product","2":"type-product","3":"status-publish","4":"has-post-thumbnail","6":"product_cat-nos-vins-cat","7":"product_cat-offre-privilege","8":"product_cat-vins-de-bourgogne","9":"no-featured-image-padding","10":"sales-flash-overlay","11":"woocommerce-text-align-center","12":"woocommerce-image-align-center","13":"do-quantity-buttons","15":"first","16":"instock","17":"sale","18":"taxable","19":"shipping-taxable","20":"purchasable","21":"product-type-variable","22":"has-default-attributes"},"acf":[],"uagb_featured_image_src":{"full":["https:\/\/www.andre-delorme.com\/wp-content\/uploads\/2023\/03\/ANDRE-DELORME-Bourgogne-Chardonnay-Blanc-NV.jpg",625,2083,false],"thumbnail":["https:\/\/www.andre-delorme.com\/wp-content\/uploads\/2023\/03\/ANDRE-DELORME-Bourgogne-Chardonnay-Blanc-NV-150x150.jpg",150,150,true],"medium":["https:\/\/www.andre-delorme.com\/wp-content\/uploads\/2023\/03\/ANDRE-DELORME-Bourgogne-Chardonnay-Blanc-NV-90x300.jpg",90,300,true],"medium_large":["https:\/\/www.andre-delorme.com\/wp-content\/uploads\/2023\/03\/ANDRE-DELORME-Bourgogne-Chardonnay-Blanc-NV.jpg",625,2083,false],"large":["https:\/\/www.andre-delorme.com\/wp-content\/uploads\/2023\/03\/ANDRE-DELORME-Bourgogne-Chardonnay-Blanc-NV-307x1024.jpg",307,1024,true],"1536x1536":["https:\/\/www.andre-delorme.com\/wp-content\/uploads\/2023\/03\/ANDRE-DELORME-Bourgogne-Chardonnay-Blanc-NV-461x1536.jpg",461,1536,true],"2048x2048":["https:\/\/www.andre-delorme.com\/wp-content\/uploads\/2023\/03\/ANDRE-DELORME-Bourgogne-Chardonnay-Blanc-NV-614x2048.jpg",614,2048,true],"woocommerce_thumbnail":["https:\/\/www.andre-delorme.com\/wp-content\/uploads\/2023\/03\/ANDRE-DELORME-Bourgogne-Chardonnay-Blanc-NV-300x1000.jpg",300,1000,true],"woocommerce_single":["https:\/\/www.andre-delorme.com\/wp-content\/uploads\/2023\/03\/ANDRE-DELORME-Bourgogne-Chardonnay-Blanc-NV-600x2000.jpg",600,2000,true],"woocommerce_gallery_thumbnail":["https:\/\/www.andre-delorme.com\/wp-content\/uploads\/2023\/03\/ANDRE-DELORME-Bourgogne-Chardonnay-Blanc-NV-100x100.jpg",100,100,true],"variation_swatches_image_size":["https:\/\/www.andre-delorme.com\/wp-content\/uploads\/2023\/03\/ANDRE-DELORME-Bourgogne-Chardonnay-Blanc-NV-50x50.jpg",50,50,true],"variation_swatches_tooltip_size":["https:\/\/www.andre-delorme.com\/wp-content\/uploads\/2023\/03\/ANDRE-DELORME-Bourgogne-Chardonnay-Blanc-NV-100x100.jpg",100,100,true]},"uagb_author_info":{"display_name":"Florian Migeon","author_link":"https:\/\/www.andre-delorme.com\/en\/author\/"},"uagb_comment_info":0,"uagb_excerpt":"Notre Bourgogne Chardonnay est \u00e9labor\u00e9 \u00e0 partir d'une s\u00e9lection des meilleurs Chardonnays de la C\u00f4te Chalonnaise et du M\u00e2connais.","_links":{"self":[{"href":"https:\/\/www.andre-delorme.com\/en\/wp-json\/wp\/v2\/product\/30854","targetHints":{"allow":["GET"]}}],"collection":[{"href":"https:\/\/www.andre-delorme.com\/en\/wp-json\/wp\/v2\/product"}],"about":[{"href":"https:\/\/www.andre-delorme.com\/en\/wp-json\/wp\/v2\/types\/product"}],"wp:featuredmedia":[{"embeddable":true,"href":"https:\/\/www.andre-delorme.com\/en\/wp-json\/wp\/v2\/media\/30836"}],"wp:attachment":[{"href":"https:\/\/www.andre-delorme.com\/en\/wp-json\/wp\/v2\/media?parent=30854"}],"wp:term":[{"taxonomy":"product_brand","embeddable":true,"href":"https:\/\/www.andre-delorme.com\/en\/wp-json\/wp\/v2\/product_brand?post=30854"},{"taxonomy":"product_cat","embeddable":true,"href":"https:\/\/www.andre-delorme.com\/en\/wp-json\/wp\/v2\/product_cat?post=30854"},{"taxonomy":"product_tag","embeddable":true,"href":"https:\/\/www.andre-delorme.com\/en\/wp-json\/wp\/v2\/product_tag?post=30854"}],"curies":[{"name":"wp","href":"https:\/\/api.w.org\/{rel}","templated":true}]}}