{"id":30824,"date":"2023-03-14T22:30:04","date_gmt":"2023-03-14T21:30:04","guid":{"rendered":"https:\/\/andre-delorme.fr\/?post_type=product&#038;p=30824"},"modified":"2026-03-31T09:14:11","modified_gmt":"2026-03-31T07:14:11","slug":"maranges","status":"publish","type":"product","link":"https:\/\/www.andre-delorme.com\/en\/shop\/maranges\/","title":{"rendered":"Maranges"},"content":{"rendered":"<p>L&#8217;Appellation Maranges, la derni\u00e8re appellation de la c\u00f4te de Beaune, se situe entre celle-ci et le vignoble de la C\u00f4te Chalonnaise. Son vignoble de 180 hectares est plant\u00e9 en majorit\u00e9, plus de 90%, en Pinot Noir. Voisine de Santenay, elle s&#8217;apparente au Santenay m\u00eame s\u2019il existe des diff\u00e9rences de terroirs. Elle partage m\u00eame avec quelques crus estim\u00e9s. L\u2019argile est majoritaire, le Pinot Noir des Maranges se caract\u00e9rise par de la m\u00e2che, des tanins puissants.<\/p>\n","protected":false},"excerpt":{"rendered":"<p>L&#8217;Appellation Maranges, la derni\u00e8re appellation de la c\u00f4te de Beaune, se situe entre celle-ci et le vignoble de la C\u00f4te Chalonnaise. Voisine de Santenay, elle s&#8217;apparente au Santenay m\u00eame s\u2019il existe des diff\u00e9rences de terroirs.<\/p>\n","protected":false},"featured_media":30827,"template":"","meta":{"_acf_changed":false,"_uag_custom_page_level_css":"","wds_primary_product_brand":0,"wds_primary_product_cat":19},"product_brand":[],"product_cat":[99,149,19],"product_tag":[],"class_list":{"0":"post-30824","1":"product","2":"type-product","3":"status-publish","4":"has-post-thumbnail","6":"product_cat-nos-vins-cat","7":"product_cat-offre-privilege","8":"product_cat-vins-de-bourgogne","9":"no-featured-image-padding","10":"sales-flash-overlay","11":"woocommerce-text-align-center","12":"woocommerce-image-align-center","13":"do-quantity-buttons","15":"first","16":"instock","17":"sale","18":"taxable","19":"shipping-taxable","20":"purchasable","21":"product-type-variable","22":"has-default-attributes"},"acf":[],"uagb_featured_image_src":{"full":["https:\/\/www.andre-delorme.com\/wp-content\/uploads\/2023\/03\/ANDRE-DELORME-Maranges-Rouge-NV.png",625,2083,false],"thumbnail":["https:\/\/www.andre-delorme.com\/wp-content\/uploads\/2023\/03\/ANDRE-DELORME-Maranges-Rouge-NV-150x150.png",150,150,true],"medium":["https:\/\/www.andre-delorme.com\/wp-content\/uploads\/2023\/03\/ANDRE-DELORME-Maranges-Rouge-NV-90x300.png",90,300,true],"medium_large":["https:\/\/www.andre-delorme.com\/wp-content\/uploads\/2023\/03\/ANDRE-DELORME-Maranges-Rouge-NV.png",625,2083,false],"large":["https:\/\/www.andre-delorme.com\/wp-content\/uploads\/2023\/03\/ANDRE-DELORME-Maranges-Rouge-NV-307x1024.png",307,1024,true],"1536x1536":["https:\/\/www.andre-delorme.com\/wp-content\/uploads\/2023\/03\/ANDRE-DELORME-Maranges-Rouge-NV-461x1536.png",461,1536,true],"2048x2048":["https:\/\/www.andre-delorme.com\/wp-content\/uploads\/2023\/03\/ANDRE-DELORME-Maranges-Rouge-NV-614x2048.png",614,2048,true],"woocommerce_thumbnail":["https:\/\/www.andre-delorme.com\/wp-content\/uploads\/2023\/03\/ANDRE-DELORME-Maranges-Rouge-NV-300x1000.png",300,1000,true],"woocommerce_single":["https:\/\/www.andre-delorme.com\/wp-content\/uploads\/2023\/03\/ANDRE-DELORME-Maranges-Rouge-NV-600x2000.png",600,2000,true],"woocommerce_gallery_thumbnail":["https:\/\/www.andre-delorme.com\/wp-content\/uploads\/2023\/03\/ANDRE-DELORME-Maranges-Rouge-NV-100x100.png",100,100,true],"variation_swatches_image_size":["https:\/\/www.andre-delorme.com\/wp-content\/uploads\/2023\/03\/ANDRE-DELORME-Maranges-Rouge-NV-50x50.png",50,50,true],"variation_swatches_tooltip_size":["https:\/\/www.andre-delorme.com\/wp-content\/uploads\/2023\/03\/ANDRE-DELORME-Maranges-Rouge-NV-100x100.png",100,100,true]},"uagb_author_info":{"display_name":"Florian Migeon","author_link":"https:\/\/www.andre-delorme.com\/en\/author\/"},"uagb_comment_info":0,"uagb_excerpt":"L'Appellation Maranges, la derni\u00e8re appellation de la c\u00f4te de Beaune, se situe entre celle-ci et le vignoble de la C\u00f4te Chalonnaise. Voisine de Santenay, elle s'apparente au Santenay m\u00eame s\u2019il existe des diff\u00e9rences de terroirs.","_links":{"self":[{"href":"https:\/\/www.andre-delorme.com\/en\/wp-json\/wp\/v2\/product\/30824","targetHints":{"allow":["GET"]}}],"collection":[{"href":"https:\/\/www.andre-delorme.com\/en\/wp-json\/wp\/v2\/product"}],"about":[{"href":"https:\/\/www.andre-delorme.com\/en\/wp-json\/wp\/v2\/types\/product"}],"wp:featuredmedia":[{"embeddable":true,"href":"https:\/\/www.andre-delorme.com\/en\/wp-json\/wp\/v2\/media\/30827"}],"wp:attachment":[{"href":"https:\/\/www.andre-delorme.com\/en\/wp-json\/wp\/v2\/media?parent=30824"}],"wp:term":[{"taxonomy":"product_brand","embeddable":true,"href":"https:\/\/www.andre-delorme.com\/en\/wp-json\/wp\/v2\/product_brand?post=30824"},{"taxonomy":"product_cat","embeddable":true,"href":"https:\/\/www.andre-delorme.com\/en\/wp-json\/wp\/v2\/product_cat?post=30824"},{"taxonomy":"product_tag","embeddable":true,"href":"https:\/\/www.andre-delorme.com\/en\/wp-json\/wp\/v2\/product_tag?post=30824"}],"curies":[{"name":"wp","href":"https:\/\/api.w.org\/{rel}","templated":true}]}}