{"id":30771,"date":"2023-03-14T11:59:23","date_gmt":"2023-03-14T10:59:23","guid":{"rendered":"https:\/\/andre-delorme.fr\/?post_type=product&#038;p=30771"},"modified":"2026-04-04T18:23:28","modified_gmt":"2026-04-04T16:23:28","slug":"bourgogne-hautes-cotes-de-nuits-rouge","status":"publish","type":"product","link":"https:\/\/www.andre-delorme.com\/en\/shop\/bourgogne-hautes-cotes-de-nuits-rouge\/","title":{"rendered":"Bourgogne Hautes-C\u00f4tes de Nuits Rouge"},"content":{"rendered":"<p>Ce vignoble est situ\u00e9 entre 300 et 400 m\u00e8tres d&#8217;altitude. La vigne occupe les versants des vall\u00e9es incisant les plateaux du calcaire jurassique, \u00e0 l&#8217;ouest de la C\u00f4te de Nuits. La composition est identique \u00e0 celle de la C\u00f4te de Nuits, mais les formations superficielles sont tr\u00e8s minces, voire inexistantes. Les sols argilocalcaires, r\u00e9sultent de l&#8217;alt\u00e9ration des calcaires et des marnes du substrat.<\/p>\n","protected":false},"excerpt":{"rendered":"<p>Ce vignoble est situ\u00e9 entre 300 et 400 m\u00e8tres d&#8217;altitude. La vigne occupe les versants des vall\u00e9es incisant les plateaux du calcaire jurassique, \u00e0 l&#8217;ouest de la C\u00f4te de Nuits. La composition est identique \u00e0 celle de la C\u00f4te de Nuits, mais les formations superficielles sont tr\u00e8s minces, voire inexistantes. Les sols argilocalcaires, r\u00e9sultent de l&#8217;alt\u00e9ration des calcaires et des marnes du substrat.<\/p>\n","protected":false},"featured_media":30767,"template":"","meta":{"_acf_changed":false,"_uag_custom_page_level_css":"","wds_primary_product_brand":0,"wds_primary_product_cat":19},"product_brand":[],"product_cat":[99,149,19],"product_tag":[],"class_list":{"0":"post-30771","1":"product","2":"type-product","3":"status-publish","4":"has-post-thumbnail","6":"product_cat-nos-vins-cat","7":"product_cat-offre-privilege","8":"product_cat-vins-de-bourgogne","9":"no-featured-image-padding","10":"sales-flash-overlay","11":"woocommerce-text-align-center","12":"woocommerce-image-align-center","13":"do-quantity-buttons","15":"first","16":"instock","17":"sale","18":"taxable","19":"shipping-taxable","20":"purchasable","21":"product-type-variable","22":"has-default-attributes"},"acf":[],"uagb_featured_image_src":{"full":["https:\/\/www.andre-delorme.com\/wp-content\/uploads\/2023\/03\/ANDRE-DELORME-Bourgogne-Hautes-Cotes-de-Nuits-Rouge-NV.png",625,2083,false],"thumbnail":["https:\/\/www.andre-delorme.com\/wp-content\/uploads\/2023\/03\/ANDRE-DELORME-Bourgogne-Hautes-Cotes-de-Nuits-Rouge-NV-150x150.png",150,150,true],"medium":["https:\/\/www.andre-delorme.com\/wp-content\/uploads\/2023\/03\/ANDRE-DELORME-Bourgogne-Hautes-Cotes-de-Nuits-Rouge-NV-90x300.png",90,300,true],"medium_large":["https:\/\/www.andre-delorme.com\/wp-content\/uploads\/2023\/03\/ANDRE-DELORME-Bourgogne-Hautes-Cotes-de-Nuits-Rouge-NV.png",625,2083,false],"large":["https:\/\/www.andre-delorme.com\/wp-content\/uploads\/2023\/03\/ANDRE-DELORME-Bourgogne-Hautes-Cotes-de-Nuits-Rouge-NV-307x1024.png",307,1024,true],"1536x1536":["https:\/\/www.andre-delorme.com\/wp-content\/uploads\/2023\/03\/ANDRE-DELORME-Bourgogne-Hautes-Cotes-de-Nuits-Rouge-NV-461x1536.png",461,1536,true],"2048x2048":["https:\/\/www.andre-delorme.com\/wp-content\/uploads\/2023\/03\/ANDRE-DELORME-Bourgogne-Hautes-Cotes-de-Nuits-Rouge-NV-614x2048.png",614,2048,true],"woocommerce_thumbnail":["https:\/\/www.andre-delorme.com\/wp-content\/uploads\/2023\/03\/ANDRE-DELORME-Bourgogne-Hautes-Cotes-de-Nuits-Rouge-NV-300x1000.png",300,1000,true],"woocommerce_single":["https:\/\/www.andre-delorme.com\/wp-content\/uploads\/2023\/03\/ANDRE-DELORME-Bourgogne-Hautes-Cotes-de-Nuits-Rouge-NV-600x2000.png",600,2000,true],"woocommerce_gallery_thumbnail":["https:\/\/www.andre-delorme.com\/wp-content\/uploads\/2023\/03\/ANDRE-DELORME-Bourgogne-Hautes-Cotes-de-Nuits-Rouge-NV-100x100.png",100,100,true],"variation_swatches_image_size":["https:\/\/www.andre-delorme.com\/wp-content\/uploads\/2023\/03\/ANDRE-DELORME-Bourgogne-Hautes-Cotes-de-Nuits-Rouge-NV-50x50.png",50,50,true],"variation_swatches_tooltip_size":["https:\/\/www.andre-delorme.com\/wp-content\/uploads\/2023\/03\/ANDRE-DELORME-Bourgogne-Hautes-Cotes-de-Nuits-Rouge-NV-100x100.png",100,100,true]},"uagb_author_info":{"display_name":"Florian Migeon","author_link":"https:\/\/www.andre-delorme.com\/en\/author\/"},"uagb_comment_info":0,"uagb_excerpt":"Ce vignoble est situ\u00e9 entre 300 et 400 m\u00e8tres d'altitude. La vigne occupe les versants des vall\u00e9es incisant les plateaux du calcaire jurassique, \u00e0 l'ouest de la C\u00f4te de Nuits. La composition est identique \u00e0 celle de la C\u00f4te de Nuits, mais les formations superficielles sont tr\u00e8s minces, voire inexistantes. Les sols argilocalcaires, r\u00e9sultent de&hellip;","_links":{"self":[{"href":"https:\/\/www.andre-delorme.com\/en\/wp-json\/wp\/v2\/product\/30771","targetHints":{"allow":["GET"]}}],"collection":[{"href":"https:\/\/www.andre-delorme.com\/en\/wp-json\/wp\/v2\/product"}],"about":[{"href":"https:\/\/www.andre-delorme.com\/en\/wp-json\/wp\/v2\/types\/product"}],"wp:featuredmedia":[{"embeddable":true,"href":"https:\/\/www.andre-delorme.com\/en\/wp-json\/wp\/v2\/media\/30767"}],"wp:attachment":[{"href":"https:\/\/www.andre-delorme.com\/en\/wp-json\/wp\/v2\/media?parent=30771"}],"wp:term":[{"taxonomy":"product_brand","embeddable":true,"href":"https:\/\/www.andre-delorme.com\/en\/wp-json\/wp\/v2\/product_brand?post=30771"},{"taxonomy":"product_cat","embeddable":true,"href":"https:\/\/www.andre-delorme.com\/en\/wp-json\/wp\/v2\/product_cat?post=30771"},{"taxonomy":"product_tag","embeddable":true,"href":"https:\/\/www.andre-delorme.com\/en\/wp-json\/wp\/v2\/product_tag?post=30771"}],"curies":[{"name":"wp","href":"https:\/\/api.w.org\/{rel}","templated":true}]}}