{"id":30763,"date":"2023-03-14T11:12:54","date_gmt":"2023-03-14T10:12:54","guid":{"rendered":"https:\/\/andre-delorme.fr\/?post_type=product&#038;p=30763"},"modified":"2026-03-31T09:20:24","modified_gmt":"2026-03-31T07:20:24","slug":"bourgogne-hautes-cotes-de-beaune-rouge","status":"publish","type":"product","link":"https:\/\/www.andre-delorme.com\/en\/shop\/bourgogne-hautes-cotes-de-beaune-rouge\/","title":{"rendered":"Bourgogne Hautes-C\u00f4tes de Beaune Rouge"},"content":{"rendered":"<div>Le vignoble des Hautes-C\u00f4tes de Beaune s&#8217;\u00e9tend sur environ 800 hectares r\u00e9partis sur 30 communes. Le terroir, en particulier le climat, diff\u00e8re de par l&#8217;altitude plus \u00e9lev\u00e9e des vignobles, de 280 \u00e0 550 m, qui conduit \u00e0 des vins pr\u00e9cis dont le caract\u00e8re est de plus en plus recherch\u00e9.<\/div>\n","protected":false},"excerpt":{"rendered":"<p>Le vignoble des Hautes-C\u00f4tes de Beaune s&#8217;\u00e9tend sur environ 800 hectares r\u00e9partis sur 30 communes. Le terroir, en particulier le climat, diff\u00e8re de par l&#8217;altitude plus \u00e9lev\u00e9e des vignobles, de 280 \u00e0 550 m, qui conduit \u00e0 des vins pr\u00e9cis dont le caract\u00e8re est de plus en plus recherch\u00e9.<\/p>\n","protected":false},"featured_media":41382,"template":"","meta":{"_acf_changed":false,"_uag_custom_page_level_css":"","wds_primary_product_brand":0,"wds_primary_product_cat":19},"product_brand":[],"product_cat":[99,149,19],"product_tag":[],"class_list":{"0":"post-30763","1":"product","2":"type-product","3":"status-publish","4":"has-post-thumbnail","6":"product_cat-nos-vins-cat","7":"product_cat-offre-privilege","8":"product_cat-vins-de-bourgogne","9":"no-featured-image-padding","10":"sales-flash-overlay","11":"woocommerce-text-align-center","12":"woocommerce-image-align-center","13":"do-quantity-buttons","15":"first","16":"instock","17":"sale","18":"taxable","19":"shipping-taxable","20":"purchasable","21":"product-type-variable","22":"has-default-attributes"},"acf":[],"uagb_featured_image_src":{"full":["https:\/\/www.andre-delorme.com\/wp-content\/uploads\/2023\/03\/ANDRE-DELORME-Bourgogne-Hautes-Cotes-de-Beaune-Rouge-NV-4.png",625,2083,false],"thumbnail":["https:\/\/www.andre-delorme.com\/wp-content\/uploads\/2023\/03\/ANDRE-DELORME-Bourgogne-Hautes-Cotes-de-Beaune-Rouge-NV-4-150x150.png",150,150,true],"medium":["https:\/\/www.andre-delorme.com\/wp-content\/uploads\/2023\/03\/ANDRE-DELORME-Bourgogne-Hautes-Cotes-de-Beaune-Rouge-NV-4-90x300.png",90,300,true],"medium_large":["https:\/\/www.andre-delorme.com\/wp-content\/uploads\/2023\/03\/ANDRE-DELORME-Bourgogne-Hautes-Cotes-de-Beaune-Rouge-NV-4.png",625,2083,false],"large":["https:\/\/www.andre-delorme.com\/wp-content\/uploads\/2023\/03\/ANDRE-DELORME-Bourgogne-Hautes-Cotes-de-Beaune-Rouge-NV-4-307x1024.png",307,1024,true],"1536x1536":["https:\/\/www.andre-delorme.com\/wp-content\/uploads\/2023\/03\/ANDRE-DELORME-Bourgogne-Hautes-Cotes-de-Beaune-Rouge-NV-4-461x1536.png",461,1536,true],"2048x2048":["https:\/\/www.andre-delorme.com\/wp-content\/uploads\/2023\/03\/ANDRE-DELORME-Bourgogne-Hautes-Cotes-de-Beaune-Rouge-NV-4-614x2048.png",614,2048,true],"woocommerce_thumbnail":["https:\/\/www.andre-delorme.com\/wp-content\/uploads\/2023\/03\/ANDRE-DELORME-Bourgogne-Hautes-Cotes-de-Beaune-Rouge-NV-4-300x1000.png",300,1000,true],"woocommerce_single":["https:\/\/www.andre-delorme.com\/wp-content\/uploads\/2023\/03\/ANDRE-DELORME-Bourgogne-Hautes-Cotes-de-Beaune-Rouge-NV-4-600x2000.png",600,2000,true],"woocommerce_gallery_thumbnail":["https:\/\/www.andre-delorme.com\/wp-content\/uploads\/2023\/03\/ANDRE-DELORME-Bourgogne-Hautes-Cotes-de-Beaune-Rouge-NV-4-100x100.png",100,100,true],"variation_swatches_image_size":["https:\/\/www.andre-delorme.com\/wp-content\/uploads\/2023\/03\/ANDRE-DELORME-Bourgogne-Hautes-Cotes-de-Beaune-Rouge-NV-4-50x50.png",50,50,true],"variation_swatches_tooltip_size":["https:\/\/www.andre-delorme.com\/wp-content\/uploads\/2023\/03\/ANDRE-DELORME-Bourgogne-Hautes-Cotes-de-Beaune-Rouge-NV-4-100x100.png",100,100,true]},"uagb_author_info":{"display_name":"Florian Migeon","author_link":"https:\/\/www.andre-delorme.com\/en\/author\/"},"uagb_comment_info":0,"uagb_excerpt":"Le vignoble des Hautes-C\u00f4tes de Beaune s'\u00e9tend sur environ 800 hectares r\u00e9partis sur 30 communes. Le terroir, en particulier le climat, diff\u00e8re de par l'altitude plus \u00e9lev\u00e9e des vignobles, de 280 \u00e0 550 m, qui conduit \u00e0 des vins pr\u00e9cis dont le caract\u00e8re est de plus en plus recherch\u00e9.","_links":{"self":[{"href":"https:\/\/www.andre-delorme.com\/en\/wp-json\/wp\/v2\/product\/30763","targetHints":{"allow":["GET"]}}],"collection":[{"href":"https:\/\/www.andre-delorme.com\/en\/wp-json\/wp\/v2\/product"}],"about":[{"href":"https:\/\/www.andre-delorme.com\/en\/wp-json\/wp\/v2\/types\/product"}],"wp:featuredmedia":[{"embeddable":true,"href":"https:\/\/www.andre-delorme.com\/en\/wp-json\/wp\/v2\/media\/41382"}],"wp:attachment":[{"href":"https:\/\/www.andre-delorme.com\/en\/wp-json\/wp\/v2\/media?parent=30763"}],"wp:term":[{"taxonomy":"product_brand","embeddable":true,"href":"https:\/\/www.andre-delorme.com\/en\/wp-json\/wp\/v2\/product_brand?post=30763"},{"taxonomy":"product_cat","embeddable":true,"href":"https:\/\/www.andre-delorme.com\/en\/wp-json\/wp\/v2\/product_cat?post=30763"},{"taxonomy":"product_tag","embeddable":true,"href":"https:\/\/www.andre-delorme.com\/en\/wp-json\/wp\/v2\/product_tag?post=30763"}],"curies":[{"name":"wp","href":"https:\/\/api.w.org\/{rel}","templated":true}]}}